{"id":161,"date":"2015-02-23T14:17:42","date_gmt":"2015-02-23T13:17:42","guid":{"rendered":"http:\/\/serwer1749695.home.pl\/?page_id=161"},"modified":"2017-04-27T21:37:33","modified_gmt":"2017-04-27T19:37:33","slug":"taktoprawda","status":"publish","type":"page","link":"https:\/\/kalejdoskoprecords.com\/?page_id=161","title":{"rendered":"taktoprawda"},"content":{"rendered":"<p><a href=\"http:\/\/serwer1749695.home.pl\/wp-content\/uploads\/2014\/11\/artist_ttp.jpg\"><img loading=\"lazy\" decoding=\"async\" class=\"size-large wp-image-160 alignnone\" src=\"http:\/\/serwer1749695.home.pl\/wp-content\/uploads\/2014\/11\/artist_ttp-1024x661.jpg\" alt=\"artist_ttp\" width=\"640\" height=\"413\" srcset=\"https:\/\/kalejdoskoprecords.com\/wp-content\/uploads\/2014\/11\/artist_ttp-1024x661.jpg 1024w, https:\/\/kalejdoskoprecords.com\/wp-content\/uploads\/2014\/11\/artist_ttp-800x516.jpg 800w, https:\/\/kalejdoskoprecords.com\/wp-content\/uploads\/2014\/11\/artist_ttp-300x194.jpg 300w, https:\/\/kalejdoskoprecords.com\/wp-content\/uploads\/2014\/11\/artist_ttp.jpg 1448w\" sizes=\"auto, (max-width: 640px) 100vw, 640px\" \/><\/a><\/p>\n<p>taktoprawda \/ TTP<br \/>\ntaktoprawda to dow\u00f3d na to, \u017ce nawet najbardziej absurdalne pomys\u0142y mo\u017cna zrealizowa\u0107, kiedy cz\u0142owiek nie zastanawia si\u0119 zbyt d\u0142ugo. Wyj\u0105tek niepotwierdzaj\u0105cy niczego i przyci\u0105gaj\u0105cy talenty, kt\u00f3re maj\u0105 metody na to szale\u0144stwo. Zaskakuje jak zima drogowc\u00f3w, burzy m\u00f3zgi, a \u0142ami\u0105c \u0107wier\u0107nuty dodaje im warto\u015bci.<\/p>\n<p>Trio zosta\u0142o za\u0142o\u017cone w drugiej po\u0142owie 2013 roku przez Mateusza Modrzejewskiego, Tymoteusza Mi\u0142owanowa i Bartka \u0141uczkiewicza. Inspiracj\u0105 do powstania zespo\u0142u by\u0142y nowoczesne produkcje wykonawc\u00f3w takich jak J-Dilla, Slum Village, The Foreign Exchange czy Elaquent. Muzycy postanowili prze\u0142o\u017cy\u0107 j\u0119zyk sampli i zachwianych rytm\u00f3w na \u017cywe instrumenty, \u0142\u0105cz\u0105c podej\u015bcie jazz-rockowe z hip-hopem. Nie zamykaj\u0105c si\u0119 wy\u0142\u0105cznie w tych gatunkach, trio wsp\u00f3\u0142pracuje z uznanymi wokalistami reprezentuj\u0105cymi r\u00f3\u017cne style muzyczne (mi\u0119dzy innymi Dorota Mi\u015bkiewicz, Pablopavo, \u0143emy przez e\u0143). Nad produkcj\u0105 czuwa Aleksander \u201eMothashipp\u201d Molak (Marika, Vavamuffin, Lilu). Otwarte umys\u0142y i nowatorskie podej\u015bcie Mateusza, Tymka i Bartka, po\u0142\u0105czone z wra\u017cliwo\u015bci\u0105 zaproszonych go\u015bci daj\u0105 w efekcie mieszank\u0119, kt\u00f3rej nie da si\u0119 zaszufladkowa\u0107.<\/p>\n<p>Mateusz Modrzejewski \u2013 perkusja<br \/>\nTymoteusz Mi\u0142owanow \u2013 gitara<br \/>\nBartek \u0141uczkiewicz \u2013 gitara basowa<br \/>\nTTP w sieci:<br \/>\n<a title=\"taktoprawda na fb\" href=\"http:\/\/www.facebook.com\/ttprawda\" target=\"_blank\" rel=\"noopener noreferrer\">http:\/\/www.facebook.com\/ttprawda<\/a><br \/>\n<a title=\"taktoprawda youtube\" href=\"http:\/\/www.youtube.com\/ttprawda\" target=\"_blank\" rel=\"noopener noreferrer\"> http:\/\/www.youtube.com\/ttprawda<\/a><\/p>\n","protected":false},"excerpt":{"rendered":"<p>taktoprawda \/ TTP taktoprawda to dow\u00f3d na to, \u017ce nawet najbardziej absurdalne pomys\u0142y mo\u017cna zrealizowa\u0107, kiedy cz\u0142owiek nie zastanawia si\u0119 zbyt d\u0142ugo. Wyj\u0105tek niepotwierdzaj\u0105cy niczego i przyci\u0105gaj\u0105cy talenty, kt\u00f3re maj\u0105 metody na to szale\u0144stwo. Zaskakuje [&hellip;]<\/p>\n","protected":false},"author":1,"featured_media":0,"parent":0,"menu_order":0,"comment_status":"closed","ping_status":"open","template":"","meta":{"footnotes":""},"class_list":["post-161","page","type-page","status-publish","hentry"],"_links":{"self":[{"href":"https:\/\/kalejdoskoprecords.com\/index.php?rest_route=\/wp\/v2\/pages\/161","targetHints":{"allow":["GET"]}}],"collection":[{"href":"https:\/\/kalejdoskoprecords.com\/index.php?rest_route=\/wp\/v2\/pages"}],"about":[{"href":"https:\/\/kalejdoskoprecords.com\/index.php?rest_route=\/wp\/v2\/types\/page"}],"author":[{"embeddable":true,"href":"https:\/\/kalejdoskoprecords.com\/index.php?rest_route=\/wp\/v2\/users\/1"}],"replies":[{"embeddable":true,"href":"https:\/\/kalejdoskoprecords.com\/index.php?rest_route=%2Fwp%2Fv2%2Fcomments&post=161"}],"version-history":[{"count":5,"href":"https:\/\/kalejdoskoprecords.com\/index.php?rest_route=\/wp\/v2\/pages\/161\/revisions"}],"predecessor-version":[{"id":2212,"href":"https:\/\/kalejdoskoprecords.com\/index.php?rest_route=\/wp\/v2\/pages\/161\/revisions\/2212"}],"wp:attachment":[{"href":"https:\/\/kalejdoskoprecords.com\/index.php?rest_route=%2Fwp%2Fv2%2Fmedia&parent=161"}],"curies":[{"name":"wp","href":"https:\/\/api.w.org\/{rel}","templated":true}]}}