{"id":2213,"date":"2017-04-27T21:49:40","date_gmt":"2017-04-27T19:49:40","guid":{"rendered":"http:\/\/serwer1749695.home.pl\/?page_id=2213"},"modified":"2017-05-11T17:34:51","modified_gmt":"2017-05-11T15:34:51","slug":"sirens-hill","status":"publish","type":"page","link":"https:\/\/kalejdoskoprecords.com\/?page_id=2213","title":{"rendered":"Sirens Hill"},"content":{"rendered":"<p><a href=\"http:\/\/serwer1749695.home.pl\/wp-content\/uploads\/2017\/04\/Sirens-Hill-2017-fot-Filip-Aleksander-Zubowski.jpg\"><img loading=\"lazy\" decoding=\"async\" class=\"size-large wp-image-2214 alignnone\" src=\"http:\/\/serwer1749695.home.pl\/wp-content\/uploads\/2017\/04\/Sirens-Hill-2017-fot-Filip-Aleksander-Zubowski-1024x768.jpg\" alt=\"\" width=\"640\" height=\"480\" srcset=\"https:\/\/kalejdoskoprecords.com\/wp-content\/uploads\/2017\/04\/Sirens-Hill-2017-fot-Filip-Aleksander-Zubowski-1024x768.jpg 1024w, https:\/\/kalejdoskoprecords.com\/wp-content\/uploads\/2017\/04\/Sirens-Hill-2017-fot-Filip-Aleksander-Zubowski-scaled-800x600.jpg 800w, https:\/\/kalejdoskoprecords.com\/wp-content\/uploads\/2017\/04\/Sirens-Hill-2017-fot-Filip-Aleksander-Zubowski-300x225.jpg 300w, https:\/\/kalejdoskoprecords.com\/wp-content\/uploads\/2017\/04\/Sirens-Hill-2017-fot-Filip-Aleksander-Zubowski-768x576.jpg 768w\" sizes=\"auto, (max-width: 640px) 100vw, 640px\" \/><\/a><\/p>\n<p>Sirens Hill to cztery osoby, kt\u00f3re od pierwszego spotkania wiedzia\u0142y czego chc\u0105 &#8211; zara\u017ca\u0107 melodyjnym rockiem fan\u00f3w festiwalowego grania. Swoj\u0105 muzyk\u0119 por\u00f3wnuj\u0105 do wzg\u00f3rza, na kt\u00f3rym spotka\u0142y si\u0119 przestrze\u0144 i pe\u0142ne emocji melodie.<\/p>\n<p>Debiutancki singiel \u201cTry Your Best\u201d zaledwie w ci\u0105gu dw\u00f3ch tygodni podbi\u0142 najpopularniejsz\u0105 polsk\u0105 rockow\u0105 list\u0119 przeboj\u00f3w Antyradia Turbo Top docieraj\u0105c na podium. W po\u0142owie kwietnia uka\u017ce si\u0119 pierwsza EP-ka zespo\u0142u #FollowTheSiren.<\/p>\n<p>Sirens Hill intensywnie pracuje nad swoj\u0105 pierwsz\u0105 p\u0142yt\u0105. W celu uzyskania niepowtarzalnego przestrzennego brzmienia materia\u0142 realizowany by\u0142 w r\u00f3\u017cnych studiach nagraniowych. Do pracy nad nim zostali zaanga\u017cowani topowi polscy oraz zagraniczni producenci.<br \/>\n<iframe loading=\"lazy\" src=\"https:\/\/www.youtube.com\/embed\/51cr7Ifc0Rw\" width=\"560\" height=\"315\" frameborder=\"0\" allowfullscreen=\"allowfullscreen\"><\/iframe><\/p>\n<p><iframe loading=\"lazy\" src=\"https:\/\/www.youtube.com\/embed\/VsPwCoZlNDk\" width=\"560\" height=\"315\" frameborder=\"0\" allowfullscreen=\"allowfullscreen\"><\/iframe><br \/>\n<iframe loading=\"lazy\" src=\"https:\/\/www.youtube.com\/embed\/d8O6Ro2TUrA\" width=\"560\" height=\"315\" frameborder=\"0\" allowfullscreen=\"allowfullscreen\"><\/iframe><\/p>\n<p>Poznaj Sirens Hill:<br \/>\n<a href=\"http:\/\/www.sirenshill.com\">www.sirenshill.com<\/a><\/p>\n<div><b>Prezentacja o zespole (PDF):<\/b><\/div>\n<div><a href=\"https:\/\/drive.google.com\/open?id=0B0bhDDqiqHK6eTVZNHpVdFhkdmc\" target=\"_blank\" rel=\"noopener noreferrer\" data-saferedirecturl=\"https:\/\/www.google.com\/url?hl=pl&amp;q=https:\/\/drive.google.com\/open?id%3D0B0bhDDqiqHK6eTVZNHpVdFhkdmc&amp;source=gmail&amp;ust=1494603071250000&amp;usg=AFQjCNGfVtaqAaBuWyx4wPt_sLtaUsib6A\">https:\/\/drive.google.com\/open?<wbr \/>id=<wbr \/>0B0bhDDqiqHK6eTVZNHpVdFhkdmc<\/a><\/div>\n<div><\/div>\n<div><b>Informacja prasowa (DOC):<\/b><\/div>\n<div><a href=\"https:\/\/drive.google.com\/open?id=0B0bhDDqiqHK6bDlOTmFmU3NMbGM\" target=\"_blank\" rel=\"noopener noreferrer\" data-saferedirecturl=\"https:\/\/www.google.com\/url?hl=pl&amp;q=https:\/\/drive.google.com\/open?id%3D0B0bhDDqiqHK6bDlOTmFmU3NMbGM&amp;source=gmail&amp;ust=1494603071250000&amp;usg=AFQjCNGbtTm6EccE9b2wpKGNeb9jbbvUow\">https:\/\/drive.google.com\/open?<wbr \/>id=<wbr \/>0B0bhDDqiqHK6bDlOTmFmU3NMbGM<\/a><\/div>\n<div><\/div>\n<div>\n<div><b>Ok\u0142adka EP-ki #FollowTheSiren:<\/b><\/div>\n<div><a href=\"https:\/\/drive.google.com\/open?id=0B0bhDDqiqHK6WGtqNDMxNXRUcnc\" target=\"_blank\" rel=\"noopener noreferrer\" data-saferedirecturl=\"https:\/\/www.google.com\/url?hl=pl&amp;q=https:\/\/drive.google.com\/open?id%3D0B0bhDDqiqHK6WGtqNDMxNXRUcnc&amp;source=gmail&amp;ust=1494603071250000&amp;usg=AFQjCNGB6AGFbRp7XVRBh5YZQQjEglWl7A\">https:\/\/drive.google.com\/open?<wbr \/>id=<wbr \/>0B0bhDDqiqHK6WGtqNDMxNXRUcnc<\/a><\/div>\n<\/div>\n<div><\/div>\n<div><b>Oficjalne zdj\u0119cie zespo\u0142u:<\/b><\/div>\n<div><a href=\"https:\/\/drive.google.com\/open?id=0B0bhDDqiqHK6VnhpanFRcjlBV00\" target=\"_blank\" rel=\"noopener noreferrer\" data-saferedirecturl=\"https:\/\/www.google.com\/url?hl=pl&amp;q=https:\/\/drive.google.com\/open?id%3D0B0bhDDqiqHK6VnhpanFRcjlBV00&amp;source=gmail&amp;ust=1494603071250000&amp;usg=AFQjCNHluDtZYUa5lKhQGHUONXU-42bshA\">https:\/\/drive.google.com\/open?<wbr \/>id=<wbr \/>0B0bhDDqiqHK6VnhpanFRcjlBV00<\/a><\/div>\n<div><\/div>\n<div>\n<div><b>Rider techniczny:<\/b><\/div>\n<div><a href=\"https:\/\/drive.google.com\/open?id=0B0bhDDqiqHK6eVRVX0YxVW53SFRlSFR5TVdsNkwtNDZPTm93\" target=\"_blank\" rel=\"noopener noreferrer\" data-saferedirecturl=\"https:\/\/www.google.com\/url?hl=pl&amp;q=https:\/\/drive.google.com\/open?id%3D0B0bhDDqiqHK6eVRVX0YxVW53SFRlSFR5TVdsNkwtNDZPTm93&amp;source=gmail&amp;ust=1494603071250000&amp;usg=AFQjCNE-D6wAubz5S_6SF_w-os9lwq7TIA\">https:\/\/drive.google.com\/open?<wbr \/>id=<wbr \/>0B0bhDDqiqHK6eVRVX0YxVW53SFRlS<wbr \/>FR5TVdsNkwtNDZPTm93<\/a><\/div>\n<\/div>\n","protected":false},"excerpt":{"rendered":"<p>Sirens Hill to cztery osoby, kt\u00f3re od pierwszego spotkania wiedzia\u0142y czego chc\u0105 &#8211; zara\u017ca\u0107 melodyjnym rockiem fan\u00f3w festiwalowego grania. Swoj\u0105 muzyk\u0119 por\u00f3wnuj\u0105 do wzg\u00f3rza, na kt\u00f3rym spotka\u0142y si\u0119 przestrze\u0144 i pe\u0142ne emocji melodie. Debiutancki singiel [&hellip;]<\/p>\n","protected":false},"author":1,"featured_media":0,"parent":0,"menu_order":0,"comment_status":"closed","ping_status":"closed","template":"","meta":{"footnotes":""},"class_list":["post-2213","page","type-page","status-publish","hentry"],"_links":{"self":[{"href":"https:\/\/kalejdoskoprecords.com\/index.php?rest_route=\/wp\/v2\/pages\/2213","targetHints":{"allow":["GET"]}}],"collection":[{"href":"https:\/\/kalejdoskoprecords.com\/index.php?rest_route=\/wp\/v2\/pages"}],"about":[{"href":"https:\/\/kalejdoskoprecords.com\/index.php?rest_route=\/wp\/v2\/types\/page"}],"author":[{"embeddable":true,"href":"https:\/\/kalejdoskoprecords.com\/index.php?rest_route=\/wp\/v2\/users\/1"}],"replies":[{"embeddable":true,"href":"https:\/\/kalejdoskoprecords.com\/index.php?rest_route=%2Fwp%2Fv2%2Fcomments&post=2213"}],"version-history":[{"count":6,"href":"https:\/\/kalejdoskoprecords.com\/index.php?rest_route=\/wp\/v2\/pages\/2213\/revisions"}],"predecessor-version":[{"id":2384,"href":"https:\/\/kalejdoskoprecords.com\/index.php?rest_route=\/wp\/v2\/pages\/2213\/revisions\/2384"}],"wp:attachment":[{"href":"https:\/\/kalejdoskoprecords.com\/index.php?rest_route=%2Fwp%2Fv2%2Fmedia&parent=2213"}],"curies":[{"name":"wp","href":"https:\/\/api.w.org\/{rel}","templated":true}]}}