{"id":2462,"date":"2017-05-19T10:40:48","date_gmt":"2017-05-19T08:40:48","guid":{"rendered":"http:\/\/serwer1749695.home.pl\/?page_id=2462"},"modified":"2020-02-09T19:17:46","modified_gmt":"2020-02-09T18:17:46","slug":"diego-cichy-don","status":"publish","type":"page","link":"https:\/\/kalejdoskoprecords.com\/?page_id=2462","title":{"rendered":"Diego Cichy Don"},"content":{"rendered":"<p><img loading=\"lazy\" decoding=\"async\" class=\"alignnone wp-image-2463 size-large\" src=\"http:\/\/serwer1749695.home.pl\/wp-content\/uploads\/2017\/05\/collage-flatt_small-1024x342.jpg\" alt=\"\" width=\"640\" height=\"214\" srcset=\"https:\/\/kalejdoskoprecords.com\/wp-content\/uploads\/2017\/05\/collage-flatt_small-1024x342.jpg 1024w, https:\/\/kalejdoskoprecords.com\/wp-content\/uploads\/2017\/05\/collage-flatt_small-800x267.jpg 800w, https:\/\/kalejdoskoprecords.com\/wp-content\/uploads\/2017\/05\/collage-flatt_small-300x100.jpg 300w, https:\/\/kalejdoskoprecords.com\/wp-content\/uploads\/2017\/05\/collage-flatt_small-768x256.jpg 768w, https:\/\/kalejdoskoprecords.com\/wp-content\/uploads\/2017\/05\/collage-flatt_small.jpg 2000w\" sizes=\"auto, (max-width: 640px) 100vw, 640px\" \/><\/p>\n<p><strong>Diego<\/strong> pojawi\u0142 si\u0119 na scenie muzycznej jako nawijacz Zjednoczenia Soundsystem. Zagra\u0142 setki imprez razem z Pablopavo i Dj Krzakiem, szybko wypracowa\u0142 sw\u00f3j w\u0142asny styl. W 2014 roku wysz\u0142a dobrze przyj\u0119ta, rub-a-dubowa EPka \u201eNazywam si\u0119\u201d. W 2016 roku razem ze Zjednoczeniem nagra\u0142 ragamuffinowy materia\u0142 \u201eInity\u201d, z utworami \u201eDon Don Don\u201d i \u201eInternational\u201d.<\/p>\n<p>Jego nowa p\u0142yta \u201e<strong>Nowa Nadzieja<\/strong>\u201d to nowoczesny dancehallowy materia\u0142. <strong>Diego Cichy Don<\/strong> dzieli si\u0119 w nim swoj\u0105 fascynacj\u0105 najnowszymi trendami w muzyce jamajskiej, czego wynikiem jest p\u0142yta na pograniczu dancehallu, raggamuffin i tzw. tropical bass.<\/p>\n","protected":false},"excerpt":{"rendered":"<p>Diego pojawi\u0142 si\u0119 na scenie muzycznej jako nawijacz Zjednoczenia Soundsystem. Zagra\u0142 setki imprez razem z Pablopavo i Dj Krzakiem, szybko wypracowa\u0142 sw\u00f3j w\u0142asny styl. W 2014 roku wysz\u0142a dobrze przyj\u0119ta, rub-a-dubowa EPka \u201eNazywam si\u0119\u201d. W [&hellip;]<\/p>\n","protected":false},"author":1,"featured_media":0,"parent":12,"menu_order":0,"comment_status":"closed","ping_status":"closed","template":"","meta":{"footnotes":""},"class_list":["post-2462","page","type-page","status-publish","hentry"],"_links":{"self":[{"href":"https:\/\/kalejdoskoprecords.com\/index.php?rest_route=\/wp\/v2\/pages\/2462","targetHints":{"allow":["GET"]}}],"collection":[{"href":"https:\/\/kalejdoskoprecords.com\/index.php?rest_route=\/wp\/v2\/pages"}],"about":[{"href":"https:\/\/kalejdoskoprecords.com\/index.php?rest_route=\/wp\/v2\/types\/page"}],"author":[{"embeddable":true,"href":"https:\/\/kalejdoskoprecords.com\/index.php?rest_route=\/wp\/v2\/users\/1"}],"replies":[{"embeddable":true,"href":"https:\/\/kalejdoskoprecords.com\/index.php?rest_route=%2Fwp%2Fv2%2Fcomments&post=2462"}],"version-history":[{"count":4,"href":"https:\/\/kalejdoskoprecords.com\/index.php?rest_route=\/wp\/v2\/pages\/2462\/revisions"}],"predecessor-version":[{"id":2467,"href":"https:\/\/kalejdoskoprecords.com\/index.php?rest_route=\/wp\/v2\/pages\/2462\/revisions\/2467"}],"up":[{"embeddable":true,"href":"https:\/\/kalejdoskoprecords.com\/index.php?rest_route=\/wp\/v2\/pages\/12"}],"wp:attachment":[{"href":"https:\/\/kalejdoskoprecords.com\/index.php?rest_route=%2Fwp%2Fv2%2Fmedia&parent=2462"}],"curies":[{"name":"wp","href":"https:\/\/api.w.org\/{rel}","templated":true}]}}