{"id":3703,"date":"2017-09-11T17:37:42","date_gmt":"2017-09-11T15:37:42","guid":{"rendered":"http:\/\/serwer1749695.home.pl\/?page_id=3703"},"modified":"2024-04-09T11:44:04","modified_gmt":"2024-04-09T09:44:04","slug":"igorilla","status":"publish","type":"page","link":"https:\/\/kalejdoskoprecords.com\/?page_id=3703","title":{"rendered":"Senny"},"content":{"rendered":"<p><a href=\"https:\/\/kalejdoskoprecords.com\/wp-content\/uploads\/2024\/04\/352228318_647029837296253_4568184166294360378_n.jpeg\"><img loading=\"lazy\" decoding=\"async\" class=\"wp-image-15070 size-medium aligncenter\" src=\"https:\/\/kalejdoskoprecords.com\/wp-content\/uploads\/2024\/04\/352228318_647029837296253_4568184166294360378_n-300x300.jpeg\" alt=\"\" width=\"300\" height=\"300\" srcset=\"https:\/\/kalejdoskoprecords.com\/wp-content\/uploads\/2024\/04\/352228318_647029837296253_4568184166294360378_n-300x300.jpeg 300w, https:\/\/kalejdoskoprecords.com\/wp-content\/uploads\/2024\/04\/352228318_647029837296253_4568184166294360378_n-1024x1024.jpeg 1024w, https:\/\/kalejdoskoprecords.com\/wp-content\/uploads\/2024\/04\/352228318_647029837296253_4568184166294360378_n-150x150.jpeg 150w, https:\/\/kalejdoskoprecords.com\/wp-content\/uploads\/2024\/04\/352228318_647029837296253_4568184166294360378_n-768x768.jpeg 768w, https:\/\/kalejdoskoprecords.com\/wp-content\/uploads\/2024\/04\/352228318_647029837296253_4568184166294360378_n-750x750.jpeg 750w, https:\/\/kalejdoskoprecords.com\/wp-content\/uploads\/2024\/04\/352228318_647029837296253_4568184166294360378_n-400x400.jpeg 400w, https:\/\/kalejdoskoprecords.com\/wp-content\/uploads\/2024\/04\/352228318_647029837296253_4568184166294360378_n-430x430.jpeg 430w, https:\/\/kalejdoskoprecords.com\/wp-content\/uploads\/2024\/04\/352228318_647029837296253_4568184166294360378_n-100x100.jpeg 100w, https:\/\/kalejdoskoprecords.com\/wp-content\/uploads\/2024\/04\/352228318_647029837296253_4568184166294360378_n-800x800.jpeg 800w, https:\/\/kalejdoskoprecords.com\/wp-content\/uploads\/2024\/04\/352228318_647029837296253_4568184166294360378_n.jpeg 1440w\" sizes=\"auto, (max-width: 300px) 100vw, 300px\" \/><\/a><\/p>\n<p style=\"text-align: left\">Senny to producent muzyczny, wokalista i autor tekst\u00f3w. Jego utwory \u0142\u0105cz\u0105 w sobie ciep\u0142e gitarowe<br \/>brzmienie i cz\u0119sto nieoczywiste melodie. Teksty subtelne, szczere i zaczepne &#8211; wy\u015bpiewane i rapowane.<br \/>Po kilku latach poszukiwa\u0144 w\u0142asnego muzycznego j\u0119zyka i pe\u0142nych eksperyment\u00f3w mini albumach Lata Dwudzieste (2019) oraz Przej\u015bcie (2021) wyl\u0105dowa\u0142 w okolicach indie popu. Obecnie pracuje nad nowym materia\u0142em. Regularnie publikuje kolejne single.<\/p>\n<p style=\"text-align: left\">(\u2026)<br \/>\u015brodek nocy, dzwonisz domofonem<br \/>chocia\u017c znasz kod do klatki piersiowej<br \/>pytam kto tam<br \/>a ty rzucasz tylko \u201eja\u201d<br \/>wi\u0119c otwieram, chocia\u017c mam ba\u0142agan<br \/>ale sporo zd\u0105\u017cy\u0142em ju\u017c pouk\u0142ada\u0107<br \/>mo\u017ce reszta nie b\u0119dzie przeszkadza\u0107<br \/>nam.<br \/>&#8211; fragment utworu \u201dkosmos kosmos\u201d<\/p>\n<p>\u00a0YouTube: <a href=\"https:\/\/www.youtube.com\/@senny__nn\">KLIK<\/a><\/p>\n\n\n<p><\/p>\n","protected":false},"excerpt":{"rendered":"<p>Senny to producent muzyczny, wokalista i autor tekst\u00f3w. Jego utwory \u0142\u0105cz\u0105 w sobie ciep\u0142e gitarowebrzmienie i cz\u0119sto nieoczywiste melodie. Teksty subtelne, szczere i zaczepne &#8211; wy\u015bpiewane i rapowane.Po kilku latach poszukiwa\u0144 w\u0142asnego muzycznego j\u0119zyka i [&hellip;]<\/p>\n","protected":false},"author":1,"featured_media":0,"parent":12,"menu_order":0,"comment_status":"closed","ping_status":"closed","template":"","meta":{"footnotes":""},"class_list":["post-3703","page","type-page","status-publish","hentry"],"_links":{"self":[{"href":"https:\/\/kalejdoskoprecords.com\/index.php?rest_route=\/wp\/v2\/pages\/3703","targetHints":{"allow":["GET"]}}],"collection":[{"href":"https:\/\/kalejdoskoprecords.com\/index.php?rest_route=\/wp\/v2\/pages"}],"about":[{"href":"https:\/\/kalejdoskoprecords.com\/index.php?rest_route=\/wp\/v2\/types\/page"}],"author":[{"embeddable":true,"href":"https:\/\/kalejdoskoprecords.com\/index.php?rest_route=\/wp\/v2\/users\/1"}],"replies":[{"embeddable":true,"href":"https:\/\/kalejdoskoprecords.com\/index.php?rest_route=%2Fwp%2Fv2%2Fcomments&post=3703"}],"version-history":[{"count":5,"href":"https:\/\/kalejdoskoprecords.com\/index.php?rest_route=\/wp\/v2\/pages\/3703\/revisions"}],"predecessor-version":[{"id":15077,"href":"https:\/\/kalejdoskoprecords.com\/index.php?rest_route=\/wp\/v2\/pages\/3703\/revisions\/15077"}],"up":[{"embeddable":true,"href":"https:\/\/kalejdoskoprecords.com\/index.php?rest_route=\/wp\/v2\/pages\/12"}],"wp:attachment":[{"href":"https:\/\/kalejdoskoprecords.com\/index.php?rest_route=%2Fwp%2Fv2%2Fmedia&parent=3703"}],"curies":[{"name":"wp","href":"https:\/\/api.w.org\/{rel}","templated":true}]}}