{"id":9125,"date":"2019-09-30T11:05:10","date_gmt":"2019-09-30T09:05:10","guid":{"rendered":"https:\/\/kalejdoskoprecords.com\/?page_id=9125"},"modified":"2019-10-08T13:43:44","modified_gmt":"2019-10-08T11:43:44","slug":"bilety","status":"publish","type":"page","link":"https:\/\/kalejdoskoprecords.com\/?page_id=9125","title":{"rendered":"Bilety"},"content":{"rendered":"<p>Sprzeda\u017c bilet\u00f3w w naszym sklepie odbywa si\u0119 za po\u015brednictwem platformy Going.<\/p>\n<p><script type=\"text\/javascript\" data-cfasync=\"false\" src=\"https:\/\/goingapp.pl\/plugins\/going\/embed\/assets\/js\/out\/gi.min.js\"><\/script><\/p>\n<div id=\"going_frame\"><\/div>\n","protected":false},"excerpt":{"rendered":"<p>Sprzeda\u017c bilet\u00f3w w naszym sklepie odbywa si\u0119 za po\u015brednictwem platformy Going.<\/p>\n","protected":false},"author":236,"featured_media":0,"parent":0,"menu_order":0,"comment_status":"closed","ping_status":"closed","template":"","meta":{"footnotes":""},"class_list":["post-9125","page","type-page","status-publish","hentry"],"_links":{"self":[{"href":"https:\/\/kalejdoskoprecords.com\/index.php?rest_route=\/wp\/v2\/pages\/9125","targetHints":{"allow":["GET"]}}],"collection":[{"href":"https:\/\/kalejdoskoprecords.com\/index.php?rest_route=\/wp\/v2\/pages"}],"about":[{"href":"https:\/\/kalejdoskoprecords.com\/index.php?rest_route=\/wp\/v2\/types\/page"}],"author":[{"embeddable":true,"href":"https:\/\/kalejdoskoprecords.com\/index.php?rest_route=\/wp\/v2\/users\/236"}],"replies":[{"embeddable":true,"href":"https:\/\/kalejdoskoprecords.com\/index.php?rest_route=%2Fwp%2Fv2%2Fcomments&post=9125"}],"version-history":[{"count":5,"href":"https:\/\/kalejdoskoprecords.com\/index.php?rest_route=\/wp\/v2\/pages\/9125\/revisions"}],"predecessor-version":[{"id":9319,"href":"https:\/\/kalejdoskoprecords.com\/index.php?rest_route=\/wp\/v2\/pages\/9125\/revisions\/9319"}],"wp:attachment":[{"href":"https:\/\/kalejdoskoprecords.com\/index.php?rest_route=%2Fwp%2Fv2%2Fmedia&parent=9125"}],"curies":[{"name":"wp","href":"https:\/\/api.w.org\/{rel}","templated":true}]}}