{"id":10266,"date":"2020-05-14T09:32:48","date_gmt":"2020-05-14T07:32:48","guid":{"rendered":"https:\/\/kalejdoskoprecords.com\/?post_type=product&#038;p=10266"},"modified":"2023-05-17T11:53:33","modified_gmt":"2023-05-17T09:53:33","slug":"bitamina-tu-da-max","status":"publish","type":"product","link":"https:\/\/kalejdoskoprecords.com\/?product=bitamina-tu-da-max","title":{"rendered":"Bitamina &#8211; Tu da max"},"content":{"rendered":"<p>Album \u201eTu da max\u201d to zapis koncertu zagranego jesieni\u0105 2019. Bitamina to emocje podane w oryginalnym brzmieniu. W wersji live do\u015bwiadczenie i osobowo\u015bci muzyk\u00f3w nadaj\u0105 studyjnym d\u017awi\u0119kom nowy i niepowtarzalny smak.<br \/>\nNa koncert z\u0142o\u017cy\u0142y si\u0119 utwory z album\u00f3w \u201ePlac Zabaw\u201d, \u201eKawalerka\u201d i najnowszego, \u201eKwiaty i Korzenie\u201d.<br \/>\nRozsmakuj si\u0119 w \u015bwiecie Bitaminy, poznaj ich muzyk\u0119, poczuj t\u0119 blisko\u015b\u0107, chod\u017a pod scen\u0119!<\/p>\n<p class=\"p1\"><strong>CD 1<\/strong><br \/>\n01 Intro<br \/>\n02 Secy za wa\u0142em<br \/>\n03 Pokrzywy<br \/>\n04 Mama Europa<br \/>\n05 Plac zabaw \/ Droga<br \/>\n06 Wiatr<br \/>\n07 Historia plemienia<br \/>\n08 Wybory (Skit)<br \/>\n09 Prezydent<br \/>\n10 Na uchu s\u0142onia<br \/>\n11 Kawalerka na sprzeda\u017c<br \/>\n12 Len i Krawiec<br \/>\n13 Posz\u0142o (Skit)<\/p>\n<p><strong>CD 2<\/strong><\/p>\n<p>01 Dom<br \/>\n02 Poka jak u ciebie ta\u0144cz\u0105<br \/>\n03 Wszystko w HD<br \/>\n04 Pornosy<br \/>\n05 Znajoma Nieznajoma<br \/>\n06 Na p\u00f3\u0142<br \/>\n07 Pytanie do niej<br \/>\n08 Czerwone oko<br \/>\n09 Nikt feat. Dawid Podsiad\u0142o<br \/>\n10 Odnajdziemy raj<br \/>\n11 Iskieriusz<br \/>\n12 Nie wiem jak<br \/>\n13 Post<\/p>\n<p>Nagrania zrealizowano 25.10.2019 w Warszawskim klubie Palladium<br \/>\nRealizacja nagra\u0144\/FOH: Karol Dobrowolski<br \/>\n\u015aWIAT\u0141A: Grzegorz \u201eSPEGON\u201d Hirsz<br \/>\nMix i Master: Moo Latte<br \/>\nPerkusja: Amar Ziembi\u0144ski<br \/>\nInstr. perkusyjne: Nikodem B\u0105kowski<br \/>\nInstr. klawiszowe: Tomek So\u0142tys<br \/>\nGitara basowa: Maciej Matysiak<br \/>\nGitara i zabawki: Brian Massaka<br \/>\nWokal: Piotr Sibi\u0144ski &amp; Mateusz Dopieralski<br \/>\nProdukcja: Dawid Ka\u0142uski &amp; \u0141ukasz Budkiewicz \/ Kalejdoskop Records<br \/>\nZdj\u0119cia: Hubert Misiaczyk \/ Dawid Ka\u0142uski<\/p>\n","protected":false},"excerpt":{"rendered":"<p>Album \u201eTu da max\u201d to zapis koncertu zagranego jesieni\u0105 2019. Bitamina to emocje podane w oryginalnym brzmieniu. W wersji live do\u015bwiadczenie i osobowo\u015bci muzyk\u00f3w nadaj\u0105 studyjnym d\u017awi\u0119kom nowy i niepowtarzalny smak.<br \/>\nNa koncert z\u0142o\u017cy\u0142y si\u0119 utwory z album\u00f3w \u201ePlac Zabaw\u201d, \u201eKawalerka\u201d i najnowszego, \u201eKwiaty i Korzenie\u201d.<br \/>\nRozsmakuj si\u0119 w \u015bwiecie Bitaminy, poznaj ich muzyk\u0119, poczuj t\u0119 blisko\u015b\u0107, chod\u017a pod scen\u0119!<\/p>\n","protected":false},"featured_media":10267,"comment_status":"closed","ping_status":"closed","template":"","meta":[],"product_brand":[],"product_cat":[8],"product_tag":[31,32,51,52],"class_list":{"0":"post-10266","1":"product","2":"type-product","3":"status-publish","4":"has-post-thumbnail","6":"product_cat-cd","7":"product_tag-bitamina","8":"product_tag-cd","9":"product_tag-koncert","10":"product_tag-tu-da-max","11":"product_shipping_class-cd","13":"first","14":"instock","15":"taxable","16":"shipping-taxable","17":"purchasable","18":"product-type-simple"},"_links":{"self":[{"href":"https:\/\/kalejdoskoprecords.com\/index.php?rest_route=\/wp\/v2\/product\/10266","targetHints":{"allow":["GET"]}}],"collection":[{"href":"https:\/\/kalejdoskoprecords.com\/index.php?rest_route=\/wp\/v2\/product"}],"about":[{"href":"https:\/\/kalejdoskoprecords.com\/index.php?rest_route=\/wp\/v2\/types\/product"}],"replies":[{"embeddable":true,"href":"https:\/\/kalejdoskoprecords.com\/index.php?rest_route=%2Fwp%2Fv2%2Fcomments&post=10266"}],"wp:featuredmedia":[{"embeddable":true,"href":"https:\/\/kalejdoskoprecords.com\/index.php?rest_route=\/wp\/v2\/media\/10267"}],"wp:attachment":[{"href":"https:\/\/kalejdoskoprecords.com\/index.php?rest_route=%2Fwp%2Fv2%2Fmedia&parent=10266"}],"wp:term":[{"taxonomy":"product_brand","embeddable":true,"href":"https:\/\/kalejdoskoprecords.com\/index.php?rest_route=%2Fwp%2Fv2%2Fproduct_brand&post=10266"},{"taxonomy":"product_cat","embeddable":true,"href":"https:\/\/kalejdoskoprecords.com\/index.php?rest_route=%2Fwp%2Fv2%2Fproduct_cat&post=10266"},{"taxonomy":"product_tag","embeddable":true,"href":"https:\/\/kalejdoskoprecords.com\/index.php?rest_route=%2Fwp%2Fv2%2Fproduct_tag&post=10266"}],"curies":[{"name":"wp","href":"https:\/\/api.w.org\/{rel}","templated":true}]}}