{"id":11257,"date":"2020-09-17T14:04:51","date_gmt":"2020-09-17T12:04:51","guid":{"rendered":"https:\/\/kalejdoskoprecords.com\/?post_type=product&#038;p=11257"},"modified":"2023-06-01T11:20:12","modified_gmt":"2023-06-01T09:20:12","slug":"vito-bambino-poczekalnia-cd","status":"publish","type":"product","link":"https:\/\/kalejdoskoprecords.com\/?product=vito-bambino-poczekalnia-cd","title":{"rendered":"Vito Bambino &#8211; Poczekalnia CD"},"content":{"rendered":"<p>Premiera i wysy\u0142ka albumu: 25 wrze\u015bnia 2020<\/p>\n<p>R\u00f3\u017cnorodno\u015b\u0107 i multikulturowo\u015b\u0107 &#8211; te s\u0142owa najlepiej okre\u015blaj\u0105 Vito Bambino. Muzyka, kt\u00f3ry od lat mieszka w niemieckim Leverkusen, a urodzi\u0142 si\u0119 w 1988 roku w Katowicach jako Mateusz Dopieralski. W Niemczech znalaz\u0142 si\u0119 w wieku dw\u00f3ch lat, gdy rodzice postanowili poszuka\u0107 lepszego \u017cycia na Zachodzie. Mieszka tam do dzi\u015b, cho\u0107 m\u00f3wi o sobie nie &#8220;Niemiec&#8221;, &#8220;Polak&#8221;, &#8220;\u015al\u0105zak&#8221;, lecz &#8220;Europejczyk&#8221;. I m\u00f3wi to z dum\u0105.<\/p>\n<p>Mateusz Dopieralski aka Vito Bambino stworzy\u0142 materia\u0142, w kt\u00f3rym jak w lustrze odbija si\u0119 jego muzyczne DNA. Je\u015bli dobrze ws\u0142uchamy si\u0119 w zawarte na p\u0142ycie piosenki, us\u0142yszymy przer\u00f3\u017cne elementy, jakie sk\u0142adaj\u0105 si\u0119 na to r\u00f3\u017cnorodne stylistycznie dzie\u0142o. Jedno z tych odbi\u0107 zaprowadzi nas a\u017c do czas\u00f3w &#8220;Placu zabaw&#8221;, czyli drugiego materia\u0142u Bitaminy, czyli producenckiego tria, kt\u00f3re wraz z Mateuszem tworz\u0105 Piotr Sibi\u0144ski i Amar Ziembi\u0144ski. Do spowitych melancholi\u0105 czas\u00f3w beztroskich wakacji, pitej hektolitrami lemoniady i ci\u0105g\u0142ego wra\u017cenia, \u017ce wszystko jeszcze przed nami, a lato nigdy si\u0119 nie ko\u0144czy. Czas jednak biegnie nieub\u0142aganie. Zmienia si\u0119 spojrzenie na \u017cycie, priorytety. Zaczyna si\u0119 doros\u0142e \u017cycie.<\/p>\n<p>Na &#8220;Poczekalni&#8221; Vito Bambino zawar\u0142 piosenki, kt\u00f3re odbijaj\u0105 ten okres jego \u017cycia. Czasy, gdy powstawa\u0142 album &#8220;Kawalerka&#8221; Bitaminy. Kiedy m\u0142odo\u015b\u0107 jeszcze ostatecznie nie wywietrza\u0142a z g\u0142owy, podobnie pragnienie wolno\u015bci, ale trzeba ju\u017c si\u0119 zmierzy\u0107 z zadaniami doros\u0142ych, jak wizyty w urz\u0119dach, czy odpowiadanie na urz\u0119dowe pisma. Doros\u0142o\u015b\u0107 w ko\u0144cu nadchodzi w pe\u0142nym wymiarze. Przygody z dzieci\u0144stwa i lat m\u0142odo\u015bci staj\u0105 si\u0119 przyjemnymi wspomnieniami, cz\u0119\u015b\u0107 przyjaci\u00f3\u0142 znika z bliskiego kr\u0119gu. Mamy wci\u0105\u017c niezrealizowane marzenia, ale i coraz wi\u0119cej obowi\u0105zk\u00f3w. Czy wi\u0119c musimy rezygnowa\u0107? Vito Bambino i jego &#8220;Poczekalnia&#8221; s\u0105 dowodem na to, \u017ce odpowied\u017a na to pytanie mo\u017ce by\u0107 negatywna. Bo \u017cycie czasami niespodziewanie podsuwa nowe mo\u017cliwo\u015bci, kt\u00f3re warto wykorzysta\u0107. Artysta zosta\u0142 wywo\u0142any przez \u017cycie do odpowiedzi i udzieli\u0142 jej w postaci prawdziwych, szczerych piosenek o tym, co wa\u017cne. Mi\u0142o\u015bci, przyja\u017ani, rado\u015bci i innych.<\/p>\n","protected":false},"excerpt":{"rendered":"<p>Premiera i wysy\u0142ka albumu: 25 wrze\u015bnia 2020<\/p>\n<p>R\u00f3\u017cnorodno\u015b\u0107 i multikulturowo\u015b\u0107 &#8211; te s\u0142owa najlepiej okre\u015blaj\u0105 Vito Bambino. Muzyka, kt\u00f3ry od lat mieszka w niemieckim Leverkusen, a urodzi\u0142 si\u0119 w 1988 roku w Katowicach jako Mateusz Dopieralski. W Niemczech znalaz\u0142 si\u0119 w wieku dw\u00f3ch lat, gdy rodzice postanowili poszuka\u0107 lepszego \u017cycia na Zachodzie. Mieszka tam do dzi\u015b, cho\u0107 m\u00f3wi o sobie nie &#8220;Niemiec&#8221;, &#8220;Polak&#8221;, &#8220;\u015al\u0105zak&#8221;, lecz &#8220;Europejczyk&#8221;. I m\u00f3wi to z dum\u0105.<\/p>\n","protected":false},"featured_media":11258,"comment_status":"closed","ping_status":"closed","template":"","meta":[],"product_brand":[],"product_cat":[8],"product_tag":[32,55,56],"class_list":{"0":"post-11257","1":"product","2":"type-product","3":"status-publish","4":"has-post-thumbnail","6":"product_cat-cd","7":"product_tag-cd","8":"product_tag-poczekalnia","9":"product_tag-vito-bambino","10":"product_shipping_class-cd","12":"first","13":"instock","14":"taxable","15":"shipping-taxable","16":"purchasable","17":"product-type-simple"},"_links":{"self":[{"href":"https:\/\/kalejdoskoprecords.com\/index.php?rest_route=\/wp\/v2\/product\/11257","targetHints":{"allow":["GET"]}}],"collection":[{"href":"https:\/\/kalejdoskoprecords.com\/index.php?rest_route=\/wp\/v2\/product"}],"about":[{"href":"https:\/\/kalejdoskoprecords.com\/index.php?rest_route=\/wp\/v2\/types\/product"}],"replies":[{"embeddable":true,"href":"https:\/\/kalejdoskoprecords.com\/index.php?rest_route=%2Fwp%2Fv2%2Fcomments&post=11257"}],"wp:featuredmedia":[{"embeddable":true,"href":"https:\/\/kalejdoskoprecords.com\/index.php?rest_route=\/wp\/v2\/media\/11258"}],"wp:attachment":[{"href":"https:\/\/kalejdoskoprecords.com\/index.php?rest_route=%2Fwp%2Fv2%2Fmedia&parent=11257"}],"wp:term":[{"taxonomy":"product_brand","embeddable":true,"href":"https:\/\/kalejdoskoprecords.com\/index.php?rest_route=%2Fwp%2Fv2%2Fproduct_brand&post=11257"},{"taxonomy":"product_cat","embeddable":true,"href":"https:\/\/kalejdoskoprecords.com\/index.php?rest_route=%2Fwp%2Fv2%2Fproduct_cat&post=11257"},{"taxonomy":"product_tag","embeddable":true,"href":"https:\/\/kalejdoskoprecords.com\/index.php?rest_route=%2Fwp%2Fv2%2Fproduct_tag&post=11257"}],"curies":[{"name":"wp","href":"https:\/\/api.w.org\/{rel}","templated":true}]}}