{"id":13296,"date":"2021-10-22T11:51:02","date_gmt":"2021-10-22T09:51:02","guid":{"rendered":"https:\/\/kalejdoskoprecords.com\/?post_type=product&#038;p=13296"},"modified":"2023-05-17T11:48:37","modified_gmt":"2023-05-17T09:48:37","slug":"amar-f-y-i-lp","status":"publish","type":"product","link":"https:\/\/kalejdoskoprecords.com\/?product=amar-f-y-i-lp","title":{"rendered":"Amar &#8211; F.Y.I. LP"},"content":{"rendered":"<p>Amar &#8211; F.Y.I.<\/p>\n<p>Gdzie\u015b pomi\u0119dzy porzuconym w lesie telewizorem, a wrakiem samochodu, przemyka posta\u0107 nie daj\u0105ca jasnych odpowiedzi. Tworzy niezwykle obrazowe i abstrakcyjnie pejza\u017ce, kt\u00f3rych s\u0142uchaj\u0105c ma si\u0119 wra\u017cenie \u017ce kto\u015b wpu\u015bci\u0142 Ci\u0119 do \u015brodka. Nie wiadomo czy to Jego wn\u0119trze czy Twoje.<\/p>\n<p>9 instrumentalnych kompozycji dost\u0119pnych na winylu i w streamingu.<\/p>\n<p>P\u0142yta winylowa 12&#8243; 45RPM, wydawnictwo limitowane, 300 numerowanych egzemplarzy.<\/p>\n<p>Tracklista:<br \/>\nIntrinio<br \/>\nHeart Race<br \/>\nTrain Hoppin<br \/>\nStory 3<br \/>\nAutumn in Secymin<br \/>\nSaints<br \/>\nMy Terrace<br \/>\nBus Talks<br \/>\nBlank<\/p>\n","protected":false},"excerpt":{"rendered":"<p>Amar &#8211; F.Y.I.<\/p>\n<p>Gdzie\u015b pomi\u0119dzy porzuconym w lesie telewizorem, a wrakiem samochodu, przemyka posta\u0107 nie daj\u0105ca jasnych odpowiedzi. Tworzy niezwykle obrazowe i abstrakcyjnie pejza\u017ce, kt\u00f3rych s\u0142uchaj\u0105c ma si\u0119 wra\u017cenie \u017ce kto\u015b wpu\u015bci\u0142 Ci\u0119 do \u015brodka. Nie wiadomo czy to Jego wn\u0119trze czy Twoje.<\/p>\n","protected":false},"featured_media":13299,"comment_status":"closed","ping_status":"closed","template":"","meta":[],"product_brand":[],"product_cat":[11],"product_tag":[59,31,60,57,39],"class_list":{"0":"post-13296","1":"product","2":"type-product","3":"status-publish","4":"has-post-thumbnail","6":"product_cat-vinyl","7":"product_tag-amar","8":"product_tag-bitamina","9":"product_tag-lofi","10":"product_tag-lp","11":"product_tag-winyl","12":"product_shipping_class-vinyl","14":"first","15":"instock","16":"taxable","17":"shipping-taxable","18":"purchasable","19":"product-type-simple"},"_links":{"self":[{"href":"https:\/\/kalejdoskoprecords.com\/index.php?rest_route=\/wp\/v2\/product\/13296","targetHints":{"allow":["GET"]}}],"collection":[{"href":"https:\/\/kalejdoskoprecords.com\/index.php?rest_route=\/wp\/v2\/product"}],"about":[{"href":"https:\/\/kalejdoskoprecords.com\/index.php?rest_route=\/wp\/v2\/types\/product"}],"replies":[{"embeddable":true,"href":"https:\/\/kalejdoskoprecords.com\/index.php?rest_route=%2Fwp%2Fv2%2Fcomments&post=13296"}],"wp:featuredmedia":[{"embeddable":true,"href":"https:\/\/kalejdoskoprecords.com\/index.php?rest_route=\/wp\/v2\/media\/13299"}],"wp:attachment":[{"href":"https:\/\/kalejdoskoprecords.com\/index.php?rest_route=%2Fwp%2Fv2%2Fmedia&parent=13296"}],"wp:term":[{"taxonomy":"product_brand","embeddable":true,"href":"https:\/\/kalejdoskoprecords.com\/index.php?rest_route=%2Fwp%2Fv2%2Fproduct_brand&post=13296"},{"taxonomy":"product_cat","embeddable":true,"href":"https:\/\/kalejdoskoprecords.com\/index.php?rest_route=%2Fwp%2Fv2%2Fproduct_cat&post=13296"},{"taxonomy":"product_tag","embeddable":true,"href":"https:\/\/kalejdoskoprecords.com\/index.php?rest_route=%2Fwp%2Fv2%2Fproduct_tag&post=13296"}],"curies":[{"name":"wp","href":"https:\/\/api.w.org\/{rel}","templated":true}]}}