{"id":14708,"date":"2023-09-25T11:59:40","date_gmt":"2023-09-25T09:59:40","guid":{"rendered":"https:\/\/kalejdoskoprecords.com\/?post_type=product&#038;p=14708"},"modified":"2026-04-29T15:31:25","modified_gmt":"2026-04-29T13:31:25","slug":"mietha-audioportret","status":"publish","type":"product","link":"https:\/\/kalejdoskoprecords.com\/?product=mietha-audioportret","title":{"rendered":"Mi\u0119tha &#8211; Audioportret LP"},"content":{"rendered":"<p>Autorem ok\u0142adki oraz pierwszego teledysku &#8220;Star$&#8221; promuj\u0105cego p\u0142yt\u0119 jest The Dreams Studio (Micha\u0142 Pa\u0144szczyk i J\u0119drzej Guzik).<\/p>\n<p>1. Magia mi\u0142osna<br \/>\n2. Wiecz\u00f3r<br \/>\n3. Audioportret<br \/>\n4. Blask<br \/>\n5. Jak chcesz<br \/>\n6. Kwiat<br \/>\n7. Kapcie<br \/>\n8. Dzi\u015b b\u0119dzie o zio\u0142ach<br \/>\n9. Kalendarz<br \/>\n10. Star$<br \/>\n11. Zapach nowych czas\u00f3w<br \/>\n12. Mi\u0119ta to jest Mi\u0119tha<br \/>\n13. Ostatni after<br \/>\n14. Przepraszam<\/p>\n","protected":false},"excerpt":{"rendered":"<p>Mi\u0119tha to duet, tworz\u0105 go raper Skip i producent AWGS. Zesp\u00f3\u0142 oferuje \u015bwie\u017ce, charakterystyczne i organiczne granie, wzbogacone zaskakuj\u0105cymi jak na kr\u00f3tki sta\u017c sceniczny mo\u017cliwo\u015bciami wokalnymi Skipa. Przy p\u0142ycie pomagali: Moo Latte (go\u015bcinnie na instrumentach w kilku utworach), oraz ENZU (mix i mastering).<\/p>\n","protected":false},"featured_media":14710,"comment_status":"closed","ping_status":"closed","template":"","meta":[],"product_brand":[],"product_cat":[11],"product_tag":[],"class_list":{"0":"post-14708","1":"product","2":"type-product","3":"status-publish","4":"has-post-thumbnail","6":"product_cat-vinyl","8":"first","9":"outofstock","10":"taxable","11":"shipping-taxable","12":"purchasable","13":"product-type-simple"},"_links":{"self":[{"href":"https:\/\/kalejdoskoprecords.com\/index.php?rest_route=\/wp\/v2\/product\/14708","targetHints":{"allow":["GET"]}}],"collection":[{"href":"https:\/\/kalejdoskoprecords.com\/index.php?rest_route=\/wp\/v2\/product"}],"about":[{"href":"https:\/\/kalejdoskoprecords.com\/index.php?rest_route=\/wp\/v2\/types\/product"}],"replies":[{"embeddable":true,"href":"https:\/\/kalejdoskoprecords.com\/index.php?rest_route=%2Fwp%2Fv2%2Fcomments&post=14708"}],"wp:featuredmedia":[{"embeddable":true,"href":"https:\/\/kalejdoskoprecords.com\/index.php?rest_route=\/wp\/v2\/media\/14710"}],"wp:attachment":[{"href":"https:\/\/kalejdoskoprecords.com\/index.php?rest_route=%2Fwp%2Fv2%2Fmedia&parent=14708"}],"wp:term":[{"taxonomy":"product_brand","embeddable":true,"href":"https:\/\/kalejdoskoprecords.com\/index.php?rest_route=%2Fwp%2Fv2%2Fproduct_brand&post=14708"},{"taxonomy":"product_cat","embeddable":true,"href":"https:\/\/kalejdoskoprecords.com\/index.php?rest_route=%2Fwp%2Fv2%2Fproduct_cat&post=14708"},{"taxonomy":"product_tag","embeddable":true,"href":"https:\/\/kalejdoskoprecords.com\/index.php?rest_route=%2Fwp%2Fv2%2Fproduct_tag&post=14708"}],"curies":[{"name":"wp","href":"https:\/\/api.w.org\/{rel}","templated":true}]}}