{"id":14712,"date":"2023-09-25T12:12:05","date_gmt":"2023-09-25T10:12:05","guid":{"rendered":"https:\/\/kalejdoskoprecords.com\/?post_type=product&#038;p=14712"},"modified":"2023-10-13T12:41:34","modified_gmt":"2023-10-13T10:41:34","slug":"14712","status":"publish","type":"product","link":"https:\/\/kalejdoskoprecords.com\/?product=14712","title":{"rendered":"Mi\u0119tha &#8211; 36,6 LP"},"content":{"rendered":"<p>Tytu\u0142 wydawnictwa \u201c36,6\u201d nawi\u0105zuje do naturalnej temperatury ludzkiego cia\u0142a, a utwory na p\u0142ycie poruszaj\u0105 temat z\u0142o\u017cono\u015bci naszego charakteru w zderzeniu z codzienno\u015bci\u0105. &#8211; Docenieni po debiucie pozwolili\u015bmy sobie na wi\u0119ksz\u0105 zabaw\u0119 form\u0105 i tre\u015bci\u0105, a nasze kompozycje sta\u0142y si\u0119 bardziej plastyczne. Dbanie o zdrowy stan umys\u0142u jest dla nas bardzo istotne, dlatego mamy nadziej\u0119, \u017ce swoj\u0105 tw\u00f3rczo\u015bci\u0105 b\u0119dziemy w stanie zarazi\u0107 s\u0142uchaczy tym samym &#8211; m\u00f3wi\u0105 Skip i AWGS z duetu Mi\u0119tha.<\/p>\n<p>Autork\u0105 koncepcji wizualnej i tym samym ok\u0142adki p\u0142yty jest Beata Barrakuz \u015aliwi\u0144ska. <\/p>\n<p>Tracklista: <\/p>\n<p>A-1\t\tWelur<br \/>\nA-2\t\tWino<br \/>\nA-3\t\tKumitsu<br \/>\nA-4\t\tKocham By\u0107 Z Dziewczynami<br \/>\nA-5\t\t100 Nieodebranych<br \/>\nA-6\t\tCzeka Na Mnie<\/p>\n<p>B-1\t\tGuilty Gucci Featuring \u2013 Paluch<br \/>\nB-2\t\tOdejd\u017a<br \/>\nB-3\t\tZanim P\u00f3jdziesz Featuring \u2013 Natalia Szroeder<br \/>\nB-4\t\tNie Chcesz Wiedzie\u0107<br \/>\nB-5\t\tStatek<br \/>\nB-6\t\t36,6 Featuring \u2013 Otsochodzi<\/p>\n<p>C-1\t\tIdea\u0142<br \/>\nC-2\t\tGwiazdy<br \/>\nC-3\t\tMamo<br \/>\nC-4\t\tStolik Dla Dwojga Featuring \u2013 Mi\u0142y ATZ<br \/>\nC-5\t\tPozw\u00f3l Featuring \u2013 Jarecki<\/p>\n<p>D-1\t\tJak To Jest Featuring \u2013 Falcon1*, O.S.T.R.<br \/>\nD-2\t\tNie Pytaj<br \/>\nD-3\t\tSaut\u00e9 Featuring \u2013 Sara<br \/>\nD-4\t\tZabij Mnie<br \/>\nD-5\t\tZm\u0119czony<br \/>\nD-6\t\tTylko Si\u0119 Po\u015bpiesz<br \/>\nD-7\t\tDzi\u0119ki, \u017be Mnie Tego Nauczy\u0142a\u015b<br \/>\nD-8\t\tOutro<\/p>\n","protected":false},"excerpt":{"rendered":"<p>Tytu\u0142 wydawnictwa \u201c36,6\u201d nawi\u0105zuje do naturalnej temperatury ludzkiego cia\u0142a, a utwory na p\u0142ycie poruszaj\u0105 temat z\u0142o\u017cono\u015bci naszego charakteru w zderzeniu z codzienno\u015bci\u0105. &#8211; Docenieni po debiucie pozwolili\u015bmy sobie na wi\u0119ksz\u0105 zabaw\u0119 form\u0105 i tre\u015bci\u0105, a [&hellip;]<\/p>\n","protected":false},"featured_media":14713,"comment_status":"closed","ping_status":"closed","template":"","meta":[],"product_brand":[],"product_cat":[11],"product_tag":[],"class_list":{"0":"post-14712","1":"product","2":"type-product","3":"status-publish","4":"has-post-thumbnail","6":"product_cat-vinyl","8":"first","9":"instock","10":"taxable","11":"shipping-taxable","12":"purchasable","13":"product-type-simple"},"_links":{"self":[{"href":"https:\/\/kalejdoskoprecords.com\/index.php?rest_route=\/wp\/v2\/product\/14712","targetHints":{"allow":["GET"]}}],"collection":[{"href":"https:\/\/kalejdoskoprecords.com\/index.php?rest_route=\/wp\/v2\/product"}],"about":[{"href":"https:\/\/kalejdoskoprecords.com\/index.php?rest_route=\/wp\/v2\/types\/product"}],"replies":[{"embeddable":true,"href":"https:\/\/kalejdoskoprecords.com\/index.php?rest_route=%2Fwp%2Fv2%2Fcomments&post=14712"}],"wp:featuredmedia":[{"embeddable":true,"href":"https:\/\/kalejdoskoprecords.com\/index.php?rest_route=\/wp\/v2\/media\/14713"}],"wp:attachment":[{"href":"https:\/\/kalejdoskoprecords.com\/index.php?rest_route=%2Fwp%2Fv2%2Fmedia&parent=14712"}],"wp:term":[{"taxonomy":"product_brand","embeddable":true,"href":"https:\/\/kalejdoskoprecords.com\/index.php?rest_route=%2Fwp%2Fv2%2Fproduct_brand&post=14712"},{"taxonomy":"product_cat","embeddable":true,"href":"https:\/\/kalejdoskoprecords.com\/index.php?rest_route=%2Fwp%2Fv2%2Fproduct_cat&post=14712"},{"taxonomy":"product_tag","embeddable":true,"href":"https:\/\/kalejdoskoprecords.com\/index.php?rest_route=%2Fwp%2Fv2%2Fproduct_tag&post=14712"}],"curies":[{"name":"wp","href":"https:\/\/api.w.org\/{rel}","templated":true}]}}