{"id":15869,"date":"2025-11-28T15:12:00","date_gmt":"2025-11-28T14:12:00","guid":{"rendered":"https:\/\/kalejdoskoprecords.com\/?post_type=product&#038;p=15869"},"modified":"2026-01-30T12:40:43","modified_gmt":"2026-01-30T11:40:43","slug":"15869","status":"publish","type":"product","link":"https:\/\/kalejdoskoprecords.com\/?product=15869","title":{"rendered":"Opaska na oczy \u201cosoba senna\u201d"},"content":{"rendered":"<p><span style=\"font-weight: 400;\">Opaska na oczy \u201cosoba senna\u201d sprawdzi si\u0119 idealnie, kiedy czujesz, \u017ce ju\u017c pora spa\u0107. Nieistotne, czy w ko\u0144cu masz wolne lub znowu idziesz do pracy. Niewa\u017cne, je\u015bli dzi\u015b nie zrobi\u0142*\u015b nic. Sobie najtrudniej wybaczy\u0107, ale b\u0119dzie znacznie pro\u015bciej, je\u017celi si\u0119 wy\u015bpisz. Dlatego dopij chabrowy napar i zechciej i\u015b\u0107 do \u0142\u00f3\u017cka, bo nale\u017cy Ci si\u0119 g\u0142\u0119boki, porz\u0105dny sen. I wszystko b\u0119dzie dobrze.<\/span><span style=\"font-weight: 400;\"><br \/>\n<\/span><span style=\"font-weight: 400;\"><br \/>\n<\/span><span style=\"font-weight: 400;\">PS Za przyj\u015bcie w opasce na koncert Sennego przys\u0142uguje specjalnie wyselekcjonowany snack.<\/span><\/p>\n","protected":false},"excerpt":{"rendered":"<p><span style=\"font-weight: 400;\">Opaska na oczy \u201cosoba senna\u201d sprawdzi si\u0119 idealnie, kiedy czujesz, \u017ce ju\u017c pora spa\u0107. Nieistotne, czy w ko\u0144cu masz wolne lub znowu idziesz do pracy. Niewa\u017cne, je\u015bli dzi\u015b nie zrobi\u0142*\u015b nic. Sobie najtrudniej wybaczy\u0107, ale b\u0119dzie znacznie pro\u015bciej, je\u017celi si\u0119 wy\u015bpisz. Dlatego dopij chabrowy napar i zechciej i\u015b\u0107 do \u0142\u00f3\u017cka, bo nale\u017cy Ci si\u0119 g\u0142\u0119boki, porz\u0105dny sen. I wszystko b\u0119dzie dobrze.<\/span><span style=\"font-weight: 400;\"><br \/>\n<\/span><span style=\"font-weight: 400;\"><br \/>\n<\/span><span style=\"font-weight: 400;\">PS Za przyj\u015bcie w opasce na koncert Sennego przys\u0142uguje specjalnie wyselekcjonowany snack.<\/span><\/p>\n","protected":false},"featured_media":15870,"comment_status":"closed","ping_status":"closed","template":"","meta":[],"product_brand":[],"product_cat":[66],"product_tag":[],"class_list":{"0":"post-15869","1":"product","2":"type-product","3":"status-publish","4":"has-post-thumbnail","6":"product_cat-merch","7":"product_shipping_class-cd","9":"first","10":"instock","11":"featured","12":"taxable","13":"shipping-taxable","14":"purchasable","15":"product-type-simple"},"_links":{"self":[{"href":"https:\/\/kalejdoskoprecords.com\/index.php?rest_route=\/wp\/v2\/product\/15869","targetHints":{"allow":["GET"]}}],"collection":[{"href":"https:\/\/kalejdoskoprecords.com\/index.php?rest_route=\/wp\/v2\/product"}],"about":[{"href":"https:\/\/kalejdoskoprecords.com\/index.php?rest_route=\/wp\/v2\/types\/product"}],"replies":[{"embeddable":true,"href":"https:\/\/kalejdoskoprecords.com\/index.php?rest_route=%2Fwp%2Fv2%2Fcomments&post=15869"}],"wp:featuredmedia":[{"embeddable":true,"href":"https:\/\/kalejdoskoprecords.com\/index.php?rest_route=\/wp\/v2\/media\/15870"}],"wp:attachment":[{"href":"https:\/\/kalejdoskoprecords.com\/index.php?rest_route=%2Fwp%2Fv2%2Fmedia&parent=15869"}],"wp:term":[{"taxonomy":"product_brand","embeddable":true,"href":"https:\/\/kalejdoskoprecords.com\/index.php?rest_route=%2Fwp%2Fv2%2Fproduct_brand&post=15869"},{"taxonomy":"product_cat","embeddable":true,"href":"https:\/\/kalejdoskoprecords.com\/index.php?rest_route=%2Fwp%2Fv2%2Fproduct_cat&post=15869"},{"taxonomy":"product_tag","embeddable":true,"href":"https:\/\/kalejdoskoprecords.com\/index.php?rest_route=%2Fwp%2Fv2%2Fproduct_tag&post=15869"}],"curies":[{"name":"wp","href":"https:\/\/api.w.org\/{rel}","templated":true}]}}