{"id":250,"date":"2015-05-04T09:59:13","date_gmt":"2015-05-04T07:59:13","guid":{"rendered":"http:\/\/serwer1749695.home.pl\/?post_type=product&#038;p=250"},"modified":"2023-06-01T10:59:59","modified_gmt":"2023-06-01T08:59:59","slug":"small-mechanics-the-gift","status":"publish","type":"product","link":"https:\/\/kalejdoskoprecords.com\/?product=small-mechanics-the-gift","title":{"rendered":"Small Mechanics &#8211; The Gift (CD)"},"content":{"rendered":"<p>Small Mechanics<br \/>\n\u201eThe Gift&#8221;<\/p>\n<p>PREMIERA: 30 kwietnia 2015<\/p>\n<p>Machina z ludzk\u0105 twarz\u0105<\/p>\n<p>\u201eThe Gift&#8221; to tytu\u0142 debiutanckiej p\u0142yty Small Mechanics, nowej warszawskiej grupy tworz\u0105cej muzyk\u0119 na pograniczu styl\u00f3w, pe\u0142n\u0105 ciekawych i zaskakuj\u0105cych d\u017awi\u0119k\u00f3w. Popowo brzmi\u0105ce wokale mieszaj\u0105 si\u0119 tu z elektronicznymi bitami i samplami maszyn, akustyczne gitary wplecione w organiczn\u0105 struktur\u0119 d\u017awi\u0119kow\u0105 o elektronicznym charakterze sprawiaj\u0105, \u017ce ca\u0142o\u015b\u0107 brzmi nietuzinkowo i wyj\u0105tkowo \u015bwie\u017co. Poznajcie maszyn\u0119 o ludzkiej twarzy.<\/p>\n<p>Na albumie znajdziemy 12 kompozycji, nad kt\u00f3rymi pracowa\u0142 duet: Karol Wr\u00f3blewski i Dawid Ka\u0142uski (Vavamuffin) &#8211; ten ostatni odpowiedzialny tak\u017ce za brzmienie i mix. Do zespo\u0142u do\u0142\u0105czyli w ostatnim czasie kolejni mechanicy: Jakub Kinsner (perkusja) i Tymoteusz Mi\u0142owanow (gitara). Go\u015bcinnie na p\u0142ycie pojawi\u0142o si\u0119 tak\u017ce dw\u00f3ch muzyk\u00f3w znanych z Vavamuffin: Patryk Kra\u015bniewski (piano w Every Time), Emili Jones (bass w The Gift i Empty Bags) oraz Paulina Druch (wiolonczela w Loveblind Yesterday i Pillows Everywhere). Mastering wykona\u0142 Marcin Cichy z duetu Skalpel.<\/p>\n<p>Mechanicy to<\/p>\n<p>Karol Wr\u00f3blewski &#8211; wokal<br \/>\nDawid Ka\u0142uski &#8211; bity, instrumenty klawiszowe<br \/>\nTymoteusz Mi\u0142owanow &#8211; gitary<br \/>\nJakub Kinsner \u2013 perkusja<\/p>\n<p>Small Mechanics \u201eThe Gift\u201d<br \/>\nPremiera: 30 kwietnia 2015<\/p>\n<p>Lista utwor\u00f3w:<br \/>\n1. Dreamless Sleep<br \/>\n2. Crushed by Sun<br \/>\n3. The Noise<br \/>\n4. Pillows Everywhere<br \/>\n5. Tears Like Drums<br \/>\n6. The Gift<br \/>\n7. Empty Bags<br \/>\n8. G\u0119stniej\u0105 Jesienie<br \/>\n9. Every Time<br \/>\n10. Switch The Light<br \/>\n11. Loveblind Yesterday<br \/>\n12. Miejsca<\/p>\n","protected":false},"excerpt":{"rendered":"<p>Small Mechanics \u201eThe Gift\u201d<br \/>\nPremiera: 30 kwietnia 2015<\/p>\n<p>Lista utwor\u00f3w:<br \/>\n1. Dreamless Sleep<br \/>\n2. Crushed by Sun<br \/>\n3. The Noise<br \/>\n4. Pillows Everywhere<br \/>\n5. Tears Like Drums<br \/>\n6. The Gift<br \/>\n7. Empty Bags<br \/>\n8. G\u0119stniej\u0105 Jesienie<br \/>\n9. Every Time<br \/>\n10. Switch The Light<br \/>\n11. Loveblind Yesterday<br \/>\n12. Miejsca<\/p>\n","protected":false},"featured_media":272,"comment_status":"closed","ping_status":"closed","template":"","meta":[],"product_brand":[],"product_cat":[8],"product_tag":[32],"class_list":{"0":"post-250","1":"product","2":"type-product","3":"status-publish","4":"has-post-thumbnail","6":"product_cat-cd","7":"product_tag-cd","8":"product_shipping_class-cd","10":"first","11":"instock","12":"taxable","13":"shipping-taxable","14":"purchasable","15":"product-type-simple"},"_links":{"self":[{"href":"https:\/\/kalejdoskoprecords.com\/index.php?rest_route=\/wp\/v2\/product\/250","targetHints":{"allow":["GET"]}}],"collection":[{"href":"https:\/\/kalejdoskoprecords.com\/index.php?rest_route=\/wp\/v2\/product"}],"about":[{"href":"https:\/\/kalejdoskoprecords.com\/index.php?rest_route=\/wp\/v2\/types\/product"}],"replies":[{"embeddable":true,"href":"https:\/\/kalejdoskoprecords.com\/index.php?rest_route=%2Fwp%2Fv2%2Fcomments&post=250"}],"wp:featuredmedia":[{"embeddable":true,"href":"https:\/\/kalejdoskoprecords.com\/index.php?rest_route=\/wp\/v2\/media\/272"}],"wp:attachment":[{"href":"https:\/\/kalejdoskoprecords.com\/index.php?rest_route=%2Fwp%2Fv2%2Fmedia&parent=250"}],"wp:term":[{"taxonomy":"product_brand","embeddable":true,"href":"https:\/\/kalejdoskoprecords.com\/index.php?rest_route=%2Fwp%2Fv2%2Fproduct_brand&post=250"},{"taxonomy":"product_cat","embeddable":true,"href":"https:\/\/kalejdoskoprecords.com\/index.php?rest_route=%2Fwp%2Fv2%2Fproduct_cat&post=250"},{"taxonomy":"product_tag","embeddable":true,"href":"https:\/\/kalejdoskoprecords.com\/index.php?rest_route=%2Fwp%2Fv2%2Fproduct_tag&post=250"}],"curies":[{"name":"wp","href":"https:\/\/api.w.org\/{rel}","templated":true}]}}