{"id":260,"date":"2015-05-04T10:52:42","date_gmt":"2015-05-04T08:52:42","guid":{"rendered":"http:\/\/serwer1749695.home.pl\/?post_type=product&#038;p=260"},"modified":"2022-04-26T12:40:50","modified_gmt":"2022-04-26T10:40:50","slug":"taktoprawda-kiedykolwiek-ep","status":"publish","type":"product","link":"https:\/\/kalejdoskoprecords.com\/?product=taktoprawda-kiedykolwiek-ep","title":{"rendered":"taktoprawda &#8211; Kiedykolwiek EP (CD)"},"content":{"rendered":"<p>taktoprawda to dow\u00f3d na to, \u017ce nawet najbardziej absurdalne pomys\u0142y mo\u017cna\u00a0 zrealizowa\u0107,\u00a0 kiedy cz\u0142owiek nie zastanawia si\u0119 zbyt d\u0142ugo. Wyj\u0105tek niepotwierdzaj\u0105cy niczego i przyci\u0105gaj\u0105cy talenty, kt\u00f3re maj\u0105 metody na to szale\u0144stwo. Zaskakuje jak zima drogowc\u00f3w, burzy m\u00f3zgi, a \u0142ami\u0105c \u0107wier\u0107nuty dodaje im warto\u015bci.<\/p>\n<p>taktoprawda to:<\/p>\n<p>Mateusz Modrzejewski &#8211; perkusja<\/p>\n<p>Tymoteusz MI\u0142owanow &#8211; gitara<\/p>\n<p>Bartek \u0141uczkiewicz &#8211; bas<\/p>\n<p>Trio zosta\u0142o za\u0142o\u017cone w drugiej po\u0142owie 2013 roku przez Mateusza Modrzejewskiego, Tymoteusza Mi\u0142owanowa i Bartka \u0141uczkiewicza. Jest to jeden z nielicznych polskich zespo\u0142\u00f3w, kt\u00f3rego liderem jest perkusista. Inspiracj\u0105 do powstania zespo\u0142u by\u0142y nowoczesne produkcje wykonawc\u00f3w takich jak J-Dilla, Slum Village, The Foreign Exchange czy Elaquent.<\/p>\n<p>Muzycy postanowili prze\u0142o\u017cy\u0107 j\u0119zyk sampli i zachwianych rytm\u00f3w na \u017cywe instrumenty, \u0142\u0105cz\u0105c podej\u015bcie jazz-rockowe z hip-hopem. Nie zamykaj\u0105c si\u0119 wy\u0142\u0105cznie w tych gatunkach, trio wsp\u00f3\u0142pracuje z uznanymi wokalistami reprezentuj\u0105cymi r\u00f3\u017cne style muzyczne (mi\u0119dzy innymi Dorota Mi\u015bkiewicz, Pablopavo, \u0143emy przez e\u0143).<\/p>\n<p>Nad produkcj\u0105 czuwa Aleksander \u201eMothashipp\u201d Molak (Marika, Vavamuffin, Lilu).Otwarte umys\u0142y i nowatorskie podej\u015bcie Mateusza, Tymka i Bartka, po\u0142\u0105czone z wra\u017cliwo\u015bci\u0105 zaproszonych go\u015bci daj\u0105 w efekcie mieszank\u0119, kt\u00f3rej nie da si\u0119 zaszufladkowa\u0107.<\/p>\n<p>Utwory nagrano w studiach Western Jive i Quality Studio<br \/>\nProdukcja,<br \/>\nmix i mastering: Mothashipp<\/p>\n<p>Oprawa graficzna: Micha\u0142 Bryndal<\/p>\n<p>taktoprawda &#8211; Kiedykolwiek EP<br \/>\nCD\/wallet<br \/>\n1. Biblioteki<br \/>\n2. Sun Of The Black Hole feat. Dorota Mi\u015bkiewicz, \u0143emy.<br \/>\n3. Niecodzienno\u015b\u0107 feat. Igorilla<br \/>\n4. Korsarze i Lalki feat. Pablopavo<\/p>\n<p>(Kalejdoskop Records 2015)<\/p>\n","protected":false},"excerpt":{"rendered":"<p>taktoprawda &#8211; Kiedykolwiek EP<br \/>\nCD\/wallet<br \/>\n1. Biblioteki<br \/>\n2. Sun Of The Black Hole feat. Dorota Mi\u015bkiewicz, \u0143emy.<br \/>\n3. Niecodzienno\u015b\u0107 feat. Igorilla<br \/>\n4. Korsarze i Lalki feat. Pablopavo<\/p>\n","protected":false},"featured_media":271,"comment_status":"closed","ping_status":"closed","template":"","meta":[],"product_brand":[],"product_cat":[8],"product_tag":[32],"class_list":{"0":"post-260","1":"product","2":"type-product","3":"status-publish","4":"has-post-thumbnail","6":"product_cat-cd","7":"product_tag-cd","8":"product_shipping_class-cd","10":"first","11":"instock","12":"taxable","13":"shipping-taxable","14":"purchasable","15":"product-type-simple"},"_links":{"self":[{"href":"https:\/\/kalejdoskoprecords.com\/index.php?rest_route=\/wp\/v2\/product\/260","targetHints":{"allow":["GET"]}}],"collection":[{"href":"https:\/\/kalejdoskoprecords.com\/index.php?rest_route=\/wp\/v2\/product"}],"about":[{"href":"https:\/\/kalejdoskoprecords.com\/index.php?rest_route=\/wp\/v2\/types\/product"}],"replies":[{"embeddable":true,"href":"https:\/\/kalejdoskoprecords.com\/index.php?rest_route=%2Fwp%2Fv2%2Fcomments&post=260"}],"wp:featuredmedia":[{"embeddable":true,"href":"https:\/\/kalejdoskoprecords.com\/index.php?rest_route=\/wp\/v2\/media\/271"}],"wp:attachment":[{"href":"https:\/\/kalejdoskoprecords.com\/index.php?rest_route=%2Fwp%2Fv2%2Fmedia&parent=260"}],"wp:term":[{"taxonomy":"product_brand","embeddable":true,"href":"https:\/\/kalejdoskoprecords.com\/index.php?rest_route=%2Fwp%2Fv2%2Fproduct_brand&post=260"},{"taxonomy":"product_cat","embeddable":true,"href":"https:\/\/kalejdoskoprecords.com\/index.php?rest_route=%2Fwp%2Fv2%2Fproduct_cat&post=260"},{"taxonomy":"product_tag","embeddable":true,"href":"https:\/\/kalejdoskoprecords.com\/index.php?rest_route=%2Fwp%2Fv2%2Fproduct_tag&post=260"}],"curies":[{"name":"wp","href":"https:\/\/api.w.org\/{rel}","templated":true}]}}