{"id":3681,"date":"2017-09-11T13:48:53","date_gmt":"2017-09-11T11:48:53","guid":{"rendered":"http:\/\/serwer1749695.home.pl\/?post_type=product&#038;p=3681"},"modified":"2023-06-01T10:48:27","modified_gmt":"2023-06-01T08:48:27","slug":"igorilla-wbrew","status":"publish","type":"product","link":"https:\/\/kalejdoskoprecords.com\/?product=igorilla-wbrew","title":{"rendered":"Igorilla &#8211; Wbrew"},"content":{"rendered":"<p>IGORILLA &#8211; WBREW<br \/>\nLabel: Kalejdoskop Records<br \/>\nData premiery: 2017-09-29<br \/>\nNr Kat.: KR008<br \/>\nRodzaj opakowania: Digipack<br \/>\nGTIN: 05905279288072<br \/>\nNo\u015bnik: CD<\/p>\n<p>Igorilla to raper i wokalista, kt\u00f3rego muzyka \u0142\u0105czy wszystko, co najlepsze w elektronicznej muzyce miejskiej. Analogowe syntezatory, mocne jak zawarto\u015b\u0107 szklanki Janusza Panasewicza b\u0119bny, charyzmatyczny wokal i zapadaj\u0105ce w pami\u0119\u0107 wersy. To szaman mikrofonu a jego historie, nie wyjd\u0105 Ci z g\u0142owy.<\/p>\n<p>Igorilla da\u0142 si\u0119 pozna\u0107 w zespo\u0142ach Mama Selita i Polskie Karate, ale dopiero pod w\u0142asn\u0105 bander\u0105 daje wyraz swojej artystycznej niezale\u017cno\u015bci. Efektem wsp\u00f3\u0142pracy z do\u015bwiadczonymi producentami \u2013 m.in. No Echoes, Olo Mothashipp, DrySkull czy Sarcast &#8211; jest doskonale brzmi\u0105ca p\u0142yta &#8220;Wbrew&#8221;.<\/p>\n<p>P\u0142yta pe\u0142na kontrastuj\u0105cych ze sob\u0105 emocji, \u0142adnych melodii i bezkompromisowych tekst\u00f3w. Wsp\u00f3\u0142czesna i eklektyczna, ale nie goni\u0105ca za modami i nowinkami, mo\u017ce wbrew oczekiwaniom niekt\u00f3rych fan\u00f3w, przyzwyczajonych do funkowego czy beastieboys&#8217;owego Igora. Z pewno\u015bci\u0105 jednak trafi w gusta tych, kt\u00f3rzy poszukuj\u0105 autentyczno\u015bci i wyrazisto\u015bci.<br \/>\nNagrany materia\u0142 zosta\u0142 zmiksowany i zmasterowany w Londynie przez Mateusza Majewskiego (m.in. Dawid Podsiad\u0142o, Kortez, BOKKA).<\/p>\n<p>LISTA UTWOR\u00d3W:<br \/>\n01 Wysokie napi\u0119cie<br \/>\n02 We mnie feat. Sarcast<br \/>\n03 Wbrew feat. Vienio<br \/>\n04 Rydwany<br \/>\n05 Biel feat. Gede<br \/>\n06 Z\u0142e rzeczy<br \/>\n07 Billy Corgan<br \/>\n08 Parkietowa ko\u0142ysanka<br \/>\n09 Na razie<br \/>\n10 Trzaski<br \/>\n11 Unboxing<\/p>\n","protected":false},"excerpt":{"rendered":"<p>IGORILLA &#8211; WBREW<br \/>\nLabel: Kalejdoskop Records<br \/>\nData premiery: 2017-09-29<br \/>\nNr Kat.: KR008<br \/>\nRodzaj opakowania: Digipack<br \/>\nGTIN: 05905279288072<br \/>\nNo\u015bnik: CD<\/p>\n<p>Igorilla to raper i wokalista, kt\u00f3rego muzyka \u0142\u0105czy wszystko, co najlepsze w elektronicznej muzyce miejskiej. Analogowe syntezatory, mocne jak zawarto\u015b\u0107 szklanki Janusza Panasewicza b\u0119bny, charyzmatyczny wokal i zapadaj\u0105ce w pami\u0119\u0107 wersy. To szaman mikrofonu a jego historie, nie wyjd\u0105 Ci z g\u0142owy.<\/p>\n<p>Igorilla da\u0142 si\u0119 pozna\u0107 w zespo\u0142ach Mama Selita i Polskie Karate, ale dopiero pod w\u0142asn\u0105 bander\u0105 daje wyraz swojej artystycznej niezale\u017cno\u015bci. Efektem wsp\u00f3\u0142pracy z do\u015bwiadczonymi producentami \u2013 m.in. No Echoes, Olo Mothashipp, DrySkull czy Sarcast &#8211; jest doskonale brzmi\u0105ca p\u0142yta &#8220;Wbrew&#8221;.<\/p>\n<p>P\u0142yta pe\u0142na kontrastuj\u0105cych ze sob\u0105 emocji, \u0142adnych melodii i bezkompromisowych tekst\u00f3w. Wsp\u00f3\u0142czesna i eklektyczna, ale nie goni\u0105ca za modami i nowinkami, mo\u017ce wbrew oczekiwaniom niekt\u00f3rych fan\u00f3w, przyzwyczajonych do funkowego czy beastieboys&#8217;owego Igora. Z pewno\u015bci\u0105 jednak trafi w gusta tych, kt\u00f3rzy poszukuj\u0105 autentyczno\u015bci i wyrazisto\u015bci.<br \/>\nNagrany materia\u0142 zosta\u0142 zmiksowany i zmasterowany w Londynie przez Mateusza Majewskiego (m.in. Dawid Podsiad\u0142o, Kortez, BOKKA).<\/p>\n<p>LISTA UTWOR\u00d3W:<br \/>\n01 Wysokie napi\u0119cie<br \/>\n02 We mnie feat. Sarcast<br \/>\n03 Wbrew feat. Vienio<br \/>\n04 Rydwany<br \/>\n05 Biel feat. Gede<br \/>\n06 Z\u0142e rzeczy<br \/>\n07 Billy Corgan<br \/>\n08 Parkietowa ko\u0142ysanka<br \/>\n09 Na razie<br \/>\n10 Trzaski<br \/>\n11 Unboxing<\/p>\n","protected":false},"featured_media":3684,"comment_status":"closed","ping_status":"closed","template":"","meta":[],"product_brand":[],"product_cat":[8],"product_tag":[32,36,37],"class_list":{"0":"post-3681","1":"product","2":"type-product","3":"status-publish","4":"has-post-thumbnail","6":"product_cat-cd","7":"product_tag-cd","8":"product_tag-igorilla","9":"product_tag-wbrew","10":"product_shipping_class-cd","12":"first","13":"instock","14":"taxable","15":"shipping-taxable","16":"purchasable","17":"product-type-simple"},"_links":{"self":[{"href":"https:\/\/kalejdoskoprecords.com\/index.php?rest_route=\/wp\/v2\/product\/3681","targetHints":{"allow":["GET"]}}],"collection":[{"href":"https:\/\/kalejdoskoprecords.com\/index.php?rest_route=\/wp\/v2\/product"}],"about":[{"href":"https:\/\/kalejdoskoprecords.com\/index.php?rest_route=\/wp\/v2\/types\/product"}],"replies":[{"embeddable":true,"href":"https:\/\/kalejdoskoprecords.com\/index.php?rest_route=%2Fwp%2Fv2%2Fcomments&post=3681"}],"wp:featuredmedia":[{"embeddable":true,"href":"https:\/\/kalejdoskoprecords.com\/index.php?rest_route=\/wp\/v2\/media\/3684"}],"wp:attachment":[{"href":"https:\/\/kalejdoskoprecords.com\/index.php?rest_route=%2Fwp%2Fv2%2Fmedia&parent=3681"}],"wp:term":[{"taxonomy":"product_brand","embeddable":true,"href":"https:\/\/kalejdoskoprecords.com\/index.php?rest_route=%2Fwp%2Fv2%2Fproduct_brand&post=3681"},{"taxonomy":"product_cat","embeddable":true,"href":"https:\/\/kalejdoskoprecords.com\/index.php?rest_route=%2Fwp%2Fv2%2Fproduct_cat&post=3681"},{"taxonomy":"product_tag","embeddable":true,"href":"https:\/\/kalejdoskoprecords.com\/index.php?rest_route=%2Fwp%2Fv2%2Fproduct_tag&post=3681"}],"curies":[{"name":"wp","href":"https:\/\/api.w.org\/{rel}","templated":true}]}}