{"id":4003,"date":"2017-11-17T11:17:25","date_gmt":"2017-11-17T10:17:25","guid":{"rendered":"http:\/\/kalejdoskoprecords.com\/?post_type=product&#038;p=4003"},"modified":"2023-05-10T20:06:45","modified_gmt":"2023-05-10T18:06:45","slug":"bitamina-plac-zabaw-cd","status":"publish","type":"product","link":"https:\/\/kalejdoskoprecords.com\/?product=bitamina-plac-zabaw-cd","title":{"rendered":"Bitamina &#8211; Plac Zabaw (CD)"},"content":{"rendered":"<p>\u201ePlac Zabaw\u201d powstawa\u0142 w 2012 roku, a jego cyfrowa premiera odby\u0142a si\u0119 dopiero 2 lata p\u00f3\u017aniej. Dok\u0142adnie 27 kwietnia 2014 roku, enigmatyczne trio Bitamina (Vito, Amar i Piotr Sibi\u0144ski), po prostu wrzuci\u0142o album na portal Bandcamp, kt\u00f3ry do dzisiaj mo\u017cna pobra\u0107 za darmo. Brak parcia na szk\u0142o zespo\u0142u, przyczyni\u0142 si\u0119 do tego, \u017ce p\u0142yta przesz\u0142a praktycznie bez wi\u0119kszego echa. Docieraj\u0105c do s\u0142uchaczy w do\u015b\u0107 old\u00adschoolowy spos\u00f3b. Nie internetowo, ale si\u0142a s\u0142\u00f3w podawanych dalej i dalej. Dopiero w 2015r. pojawi\u0142y si\u0119 pierwsze wzmianki na portalach internetowych, dla wielu nadal pozostaj\u0105c zagadk\u0105.<\/p>\n<p>Produced &amp; Written \/ Bitamina<br \/>\nMix \/ Micha\u0142 Lewandowicz<br \/>\nMastering \/ Killing Skills<\/p>\n<p>Sax \/ Misza Mazurek<br \/>\nBas \/ Michal Lewandowicz<\/p>\n<p>lato 2012<br \/>\nData wydania:\u00a02016-04-16<\/p>\n<p>Label: Astigmatic<\/p>\n<p>1. Wyjd\u017amy ju\u017c<br \/>\n2. Droga<br \/>\n3. Elementarz<br \/>\n4. Denau<br \/>\n5. Przepraszam Pana<br \/>\n6. Plac\u00f3wka<br \/>\n7. Wiatr<br \/>\n8. Burza<br \/>\n9. Po burzy<br \/>\n10. Ona<br \/>\n11. Na dansyngu<br \/>\n12. Sad<br \/>\n13. Chod\u017a ze mn\u0105, to co\u015b Ci poka\u017c\u0119<br \/>\n14. Chyba mam krew w buzi<br \/>\n15. Nos, krew, au\u0142a<br \/>\n16. Dobranocka<br \/>\n17. Stary, g\u0142upi pies<br \/>\n18. Berind\u017cer<br \/>\n19. Pytanie do mamy<\/p>\n","protected":false},"excerpt":{"rendered":"<p>\u201ePlac Zabaw\u201d powstawa\u0142 w 2012 roku, a jego cyfrowa premiera odby\u0142a si\u0119 dopiero 2 lata p\u00f3\u017aniej. Dok\u0142adnie 27 kwietnia 2014 roku, enigmatyczne trio Bitamina (Vito, Amar i Piotr Sibi\u0144ski), po prostu wrzuci\u0142o album na portal Bandcamp, kt\u00f3ry do dzisiaj mo\u017cna pobra\u0107 za darmo. Brak parcia na szk\u0142o zespo\u0142u, przyczyni\u0142 si\u0119 do tego, \u017ce p\u0142yta przesz\u0142a praktycznie bez wi\u0119kszego echa. Docieraj\u0105c do s\u0142uchaczy w do\u015b\u0107 old\u00adschoolowy spos\u00f3b. Nie internetowo, ale si\u0142a s\u0142\u00f3w podawanych dalej i dalej. Dopiero w 2015r. pojawi\u0142y si\u0119 pierwsze wzmianki na portalach internetowych, dla wielu nadal pozostaj\u0105c zagadk\u0105.<\/p>\n<p>Produced &amp; Written \/ Bitamina<br \/>\nMix \/ Micha\u0142 Lewandowicz<br \/>\nMastering \/ Killing Skills<\/p>\n<p>Sax \/ Misza Mazurek<br \/>\nBas \/ Michal Lewandowicz<\/p>\n<p>lato 2012<br \/>\nData wydania:\u00a02016-04-16<\/p>\n<p>Label: Astigmatic<\/p>\n<p>1. Wyjd\u017amy ju\u017c<br \/>\n2. Droga<br \/>\n3. Elementarz<br \/>\n4. Denau<br \/>\n5. Przepraszam Pana<br \/>\n6. Plac\u00f3wka<br \/>\n7. Wiatr<br \/>\n8. Burza<br \/>\n9. Po burzy<br \/>\n10. Ona<br \/>\n11. Na dansyngu<br \/>\n12. Sad<br \/>\n13. Chod\u017a ze mn\u0105, to co\u015b Ci poka\u017c\u0119<br \/>\n14. Chyba mam krew w buzi<br \/>\n15. Nos, krew, au\u0142a<br \/>\n16. Dobranocka<br \/>\n17. Stary, g\u0142upi pies<br \/>\n18. Berind\u017cer<br \/>\n19. Pytanie do mamy<\/p>\n","protected":false},"featured_media":4004,"comment_status":"closed","ping_status":"closed","template":"","meta":[],"product_brand":[],"product_cat":[8],"product_tag":[31,32],"class_list":{"0":"post-4003","1":"product","2":"type-product","3":"status-publish","4":"has-post-thumbnail","6":"product_cat-cd","7":"product_tag-bitamina","8":"product_tag-cd","9":"product_shipping_class-cd","11":"first","12":"outofstock","13":"taxable","14":"shipping-taxable","15":"purchasable","16":"product-type-simple"},"_links":{"self":[{"href":"https:\/\/kalejdoskoprecords.com\/index.php?rest_route=\/wp\/v2\/product\/4003","targetHints":{"allow":["GET"]}}],"collection":[{"href":"https:\/\/kalejdoskoprecords.com\/index.php?rest_route=\/wp\/v2\/product"}],"about":[{"href":"https:\/\/kalejdoskoprecords.com\/index.php?rest_route=\/wp\/v2\/types\/product"}],"replies":[{"embeddable":true,"href":"https:\/\/kalejdoskoprecords.com\/index.php?rest_route=%2Fwp%2Fv2%2Fcomments&post=4003"}],"wp:featuredmedia":[{"embeddable":true,"href":"https:\/\/kalejdoskoprecords.com\/index.php?rest_route=\/wp\/v2\/media\/4004"}],"wp:attachment":[{"href":"https:\/\/kalejdoskoprecords.com\/index.php?rest_route=%2Fwp%2Fv2%2Fmedia&parent=4003"}],"wp:term":[{"taxonomy":"product_brand","embeddable":true,"href":"https:\/\/kalejdoskoprecords.com\/index.php?rest_route=%2Fwp%2Fv2%2Fproduct_brand&post=4003"},{"taxonomy":"product_cat","embeddable":true,"href":"https:\/\/kalejdoskoprecords.com\/index.php?rest_route=%2Fwp%2Fv2%2Fproduct_cat&post=4003"},{"taxonomy":"product_tag","embeddable":true,"href":"https:\/\/kalejdoskoprecords.com\/index.php?rest_route=%2Fwp%2Fv2%2Fproduct_tag&post=4003"}],"curies":[{"name":"wp","href":"https:\/\/api.w.org\/{rel}","templated":true}]}}