{"id":5998,"date":"2018-06-28T16:03:10","date_gmt":"2018-06-28T14:03:10","guid":{"rendered":"http:\/\/kalejdoskoprecords.com\/?post_type=product&#038;p=5998"},"modified":"2023-06-01T10:46:24","modified_gmt":"2023-06-01T08:46:24","slug":"polskie-nagrania-szamotuly-cd","status":"publish","type":"product","link":"https:\/\/kalejdoskoprecords.com\/?product=polskie-nagrania-szamotuly-cd","title":{"rendered":"Polskie Nagrania &#8211; Szamotu\u0142y"},"content":{"rendered":"<h1>Polskie Nagrania \u201eSzamotu\u0142y\u201d<\/h1>\n<p><em>Szpula i lampy w r\u0119kach trzech pan\u00f3w<\/em><\/p>\n<p>&nbsp;<\/p>\n<p>\u201e<strong>Szamotu\u0142y<\/strong>\u201d to jedena\u015bcie piosenek przywo\u0142uj\u0105cych brzmienia z lat \u015bwietno\u015bci polskiego jazzu i big beatu. Muzycy z Szamotu\u0142 uzbrojeni w magnetofon szpulowy, instrumenty z epoki oraz wrodzone zdolno\u015bci stworzyli album opowiadaj\u0105cy o \u017cyciu w czasach Wioletty Willas i papieros\u00f3w Sport\u00f3w.<\/p>\n<p>Polskie Nagrania, prze\u0142omowy rocznik 89 na albumie \u201eSzamotu\u0142y\u201d, przypominaj\u0105 o piosenkach lat 60&#8242; i 70&#8242; \u015bwie\u017cym j\u0119zykiem, z perspektywy spostrze\u017ce\u0144 i opowie\u015bci dotycz\u0105cych minionego systemu, przy okazji tworz\u0105c now\u0105, trudn\u0105 do etykietowania jako\u015b\u0107.<\/p>\n<p>S\u0142ycha\u0107 \u017ce sampluj\u0105 ze starych polskich nagra\u0144, zgarni\u0119tych z pchlich targ\u00f3w i ze strych\u00f3w. U\u017cywaj\u0105c starego szpulowca ReVox&#8217;a G36, mieszaj\u0105 bity z warstw\u0105 instrumentaln\u0105 i wokaln\u0105, roz\u015bwietlaj\u0105c lampami stare polskie szlagiery.<\/p>\n<p>Polskie Nagrania \u201eSzamotu\u0142y\u201d<br \/>\nPremiera 29.06.2018<br \/>\nLabel: Kalejdoskop Records<br \/>\nNr. Kat.: KR011<br \/>\nRodzaj opakowania: Digipack<br \/>\nGTIN: 5905279288089<br \/>\nNo\u015bnik: CD<\/p>\n","protected":false},"excerpt":{"rendered":"<h1>Polskie Nagrania \u201eSzamotu\u0142y\u201d<\/h1>\n<p><em>Szpula i lampy w r\u0119kach trzech pan\u00f3w<\/em><\/p>\n<p>&nbsp;<\/p>\n<p>\u201e<strong>Szamotu\u0142y<\/strong>\u201d to jedena\u015bcie piosenek przywo\u0142uj\u0105cych brzmienia z lat \u015bwietno\u015bci polskiego jazzu i big beatu. Muzycy z Szamotu\u0142 uzbrojeni w magnetofon szpulowy, instrumenty z epoki oraz wrodzone zdolno\u015bci stworzyli album opowiadaj\u0105cy o \u017cyciu w czasach Wioletty Willas i papieros\u00f3w Sport\u00f3w.<\/p>\n<p>Polskie Nagrania, prze\u0142omowy rocznik 89 na albumie \u201eSzamotu\u0142y\u201d, przypominaj\u0105 o piosenkach lat 60&#8242; i 70&#8242; \u015bwie\u017cym j\u0119zykiem, z perspektywy spostrze\u017ce\u0144 i opowie\u015bci dotycz\u0105cych minionego systemu, przy okazji tworz\u0105c now\u0105, trudn\u0105 do etykietowania jako\u015b\u0107.<\/p>\n<p>S\u0142ycha\u0107 \u017ce sampluj\u0105 ze starych polskich nagra\u0144, zgarni\u0119tych z pchlich targ\u00f3w i ze strych\u00f3w. U\u017cywaj\u0105c starego szpulowca ReVox&#8217;a G36, mieszaj\u0105 bity z warstw\u0105 instrumentaln\u0105 i wokaln\u0105, roz\u015bwietlaj\u0105c lampami stare polskie szlagiery.<\/p>\n<p>Polskie Nagrania \u201eSzamotu\u0142y\u201d<br \/>\nPremiera 29.06.2018<br \/>\nLabel: Kalejdoskop Records<br \/>\nNr. Kat.: KR011<br \/>\nRodzaj opakowania: Digipack<br \/>\nGTIN: 5905279288089<br \/>\nNo\u015bnik: CD<\/p>\n","protected":false},"featured_media":6002,"comment_status":"closed","ping_status":"closed","template":"","meta":[],"product_brand":[],"product_cat":[8],"product_tag":[32],"class_list":{"0":"post-5998","1":"product","2":"type-product","3":"status-publish","4":"has-post-thumbnail","6":"product_cat-cd","7":"product_tag-cd","8":"product_shipping_class-cd","10":"first","11":"instock","12":"taxable","13":"shipping-taxable","14":"purchasable","15":"product-type-simple"},"_links":{"self":[{"href":"https:\/\/kalejdoskoprecords.com\/index.php?rest_route=\/wp\/v2\/product\/5998","targetHints":{"allow":["GET"]}}],"collection":[{"href":"https:\/\/kalejdoskoprecords.com\/index.php?rest_route=\/wp\/v2\/product"}],"about":[{"href":"https:\/\/kalejdoskoprecords.com\/index.php?rest_route=\/wp\/v2\/types\/product"}],"replies":[{"embeddable":true,"href":"https:\/\/kalejdoskoprecords.com\/index.php?rest_route=%2Fwp%2Fv2%2Fcomments&post=5998"}],"wp:featuredmedia":[{"embeddable":true,"href":"https:\/\/kalejdoskoprecords.com\/index.php?rest_route=\/wp\/v2\/media\/6002"}],"wp:attachment":[{"href":"https:\/\/kalejdoskoprecords.com\/index.php?rest_route=%2Fwp%2Fv2%2Fmedia&parent=5998"}],"wp:term":[{"taxonomy":"product_brand","embeddable":true,"href":"https:\/\/kalejdoskoprecords.com\/index.php?rest_route=%2Fwp%2Fv2%2Fproduct_brand&post=5998"},{"taxonomy":"product_cat","embeddable":true,"href":"https:\/\/kalejdoskoprecords.com\/index.php?rest_route=%2Fwp%2Fv2%2Fproduct_cat&post=5998"},{"taxonomy":"product_tag","embeddable":true,"href":"https:\/\/kalejdoskoprecords.com\/index.php?rest_route=%2Fwp%2Fv2%2Fproduct_tag&post=5998"}],"curies":[{"name":"wp","href":"https:\/\/api.w.org\/{rel}","templated":true}]}}