{"id":6401,"date":"2018-09-17T21:48:42","date_gmt":"2018-09-17T19:48:42","guid":{"rendered":"http:\/\/kalejdoskoprecords.com\/?post_type=product&#038;p=6401"},"modified":"2025-02-17T18:17:33","modified_gmt":"2025-02-17T17:17:33","slug":"moo-latte-syd-lp","status":"publish","type":"product","link":"https:\/\/kalejdoskoprecords.com\/?product=moo-latte-syd-lp","title":{"rendered":"Moo Latte &#8211; Syd LP"},"content":{"rendered":"<p>PREMIERA 10.10.2018<\/p>\n<p>\u201cSyd&#8221; to czwarty album producenta Moo Latte, w kt\u00f3rym inspiracja czerpana jest z kontrastu mi\u0119dzy etnicznymi korzeniami muzyka a jego obecnym miejscem zamieszkania.<br \/>\nKongo i Afryka \u015brodkowa znana mu jedynie z opowie\u015bci i muzyki puszczanej przez ojca oraz kultura i wra\u017cliwo\u015b\u0107 skandynawska, kt\u00f3r\u0105 odkrywa\u0142 przez ostatnie 6 lat mieszkaj\u0105c w Danii i Islandii stworzy\u0142y w g\u0142owie muzyka abstrakcyjne obrazy i struktury tych dw\u00f3ch skrajnie odmiennych \u015bwiat\u00f3w.<br \/>\nWizja skrystalizowane poprzez zami\u0142owanie do jazzu, hip hopu i organicznego brzmienia po\u0142\u0105czy\u0142y si\u0119 w koncepcyjny beat tape, kt\u00f3rego narracja oddaje g\u0142os motywom pochodz\u0105cym z r\u00f3\u017cnych zak\u0105tk\u00f3w Afryki jak i tych inspirowanych muzyk\u0105 z Ameryki Po\u0142udniowej. &#8220;Syd&#8221; to 16 po\u0142\u0105czonych ze sob\u0105 kompozycji o muzyce po\u0142udnia.<\/p>\n<p>Tracklista:<\/p>\n<p><strong>SIDE 1<\/strong><br \/>\nNEST<br \/>\nVELO CITY<br \/>\nNAP<br \/>\nVITOMINA<br \/>\nNEXT SPRING<br \/>\nVIRGO NOIR<br \/>\nVERSION 9 FINAL FINAL<br \/>\nNEEDLESS<\/p>\n<p><strong>SIDE 2<\/strong><br \/>\nVENA CAVA<br \/>\nNINETEENDO<br \/>\nVOIP<br \/>\nNIGGLING<br \/>\nVIDEOMERA<br \/>\nNOCTOVISIONARY<br \/>\nVIKAR<\/p>\n<p>\u201cSyd\u201d is the forth studio album composed by Polish producer Moo latte. The inspiration came from the contrast between his ethnic roots and his current place of residency.<br \/>\nThe Central Africa which Moo Latte only remembers from tales and music played by his Congo born father in mixture with the Scandinavian culture and mentality that he was absorbing for the last 6 years of living in Denmark and Iceland created plenty of abstract pictures and structures in producer\u2019s head.<br \/>\nSuch a vision has been combined with a hiphop and jazz background of the musician and created a conceptual album in which the narrative is led by elements and musical motives that come from various African locations as well as the ones inspired by South American and Latin music. \u201cSyd\u201d contains sixteen related composition about music of the South.<\/p>\n","protected":false},"excerpt":{"rendered":"<p>PREORDER !<\/p>\n<p>PREMIERA 10.10.2018<\/p>\n<p>\u201cSyd&#8221; to czwarty album producenta Moo Latte, w kt\u00f3rym inspiracja czerpana jest z kontrastu mi\u0119dzy etnicznymi korzeniami muzyka a jego obecnym miejscem zamieszkania.<br \/>\nKongo i Afryka \u015brodkowa znana mu jedynie z opowie\u015bci i muzyki puszczanej przez ojca oraz kultura i wra\u017cliwo\u015b\u0107 skandynawska, kt\u00f3r\u0105 odkrywa\u0142 przez ostatnie 6 lat mieszkaj\u0105c w Danii i Islandii stworzy\u0142y w g\u0142owie muzyka abstrakcyjne obrazy i struktury tych dw\u00f3ch skrajnie odmiennych \u015bwiat\u00f3w.<br \/>\nWizja skrystalizowane poprzez zami\u0142owanie do jazzu, hip hopu i organicznego brzmienia po\u0142\u0105czy\u0142y si\u0119 w koncepcyjny beat tape, kt\u00f3rego narracja oddaje g\u0142os motywom pochodz\u0105cym z r\u00f3\u017cnych zak\u0105tk\u00f3w Afryki jak i tych inspirowanych muzyk\u0105 z Ameryki Po\u0142udniowej. &#8220;Syd&#8221; to 16 po\u0142\u0105czonych ze sob\u0105 kompozycji o muzyce po\u0142udnia.<\/p>\n<p><strong>SIDE 1<\/strong><br \/>\nNEST<br \/>\nVELO CITY<br \/>\nNAP<br \/>\nVITOMINA<br \/>\nNEXT SPRING<br \/>\nVIRGO NOIR<br \/>\nVERSION 9 FINAL FINAL<br \/>\nNEEDLESS<\/p>\n<p><strong>SIDE 2<\/strong><br \/>\nVENA CAVA<br \/>\nNINETEENDO<br \/>\nVOIP<br \/>\nNIGGLING<br \/>\nVIDEOMERA<br \/>\nNOCTOVISIONARY<br \/>\nVIKAR<\/p>\n<p>\u201cSyd\u201d is the forth studio album composed by Polish producer Moo latte. The inspiration came from the contrast between his ethnic roots and his current place of residency.<br \/>\nThe Central Africa which Moo Latte only remembers from tales and music played by his Congo born father in mixture with the Scandinavian culture and mentality that he was absorbing for the last 6 years of living in Denmark and Iceland created plenty of abstract pictures and structures in producer\u2019s head.<br \/>\nSuch a vision has been combined with a hiphop and jazz background of the musician and created a conceptual album in which the narrative is led by elements and musical motives that come from various African locations as well as the ones inspired by South American and Latin music. \u201cSyd\u201d contains sixteen related composition about music of the South.<\/p>\n","protected":false},"featured_media":6402,"comment_status":"closed","ping_status":"closed","template":"","meta":[],"product_brand":[],"product_cat":[11],"product_tag":[35],"class_list":{"0":"post-6401","1":"product","2":"type-product","3":"status-publish","4":"has-post-thumbnail","6":"product_cat-vinyl","7":"product_tag-moo-latte","8":"product_shipping_class-vinyl","10":"first","11":"instock","12":"taxable","13":"shipping-taxable","14":"purchasable","15":"product-type-simple"},"_links":{"self":[{"href":"https:\/\/kalejdoskoprecords.com\/index.php?rest_route=\/wp\/v2\/product\/6401","targetHints":{"allow":["GET"]}}],"collection":[{"href":"https:\/\/kalejdoskoprecords.com\/index.php?rest_route=\/wp\/v2\/product"}],"about":[{"href":"https:\/\/kalejdoskoprecords.com\/index.php?rest_route=\/wp\/v2\/types\/product"}],"replies":[{"embeddable":true,"href":"https:\/\/kalejdoskoprecords.com\/index.php?rest_route=%2Fwp%2Fv2%2Fcomments&post=6401"}],"wp:featuredmedia":[{"embeddable":true,"href":"https:\/\/kalejdoskoprecords.com\/index.php?rest_route=\/wp\/v2\/media\/6402"}],"wp:attachment":[{"href":"https:\/\/kalejdoskoprecords.com\/index.php?rest_route=%2Fwp%2Fv2%2Fmedia&parent=6401"}],"wp:term":[{"taxonomy":"product_brand","embeddable":true,"href":"https:\/\/kalejdoskoprecords.com\/index.php?rest_route=%2Fwp%2Fv2%2Fproduct_brand&post=6401"},{"taxonomy":"product_cat","embeddable":true,"href":"https:\/\/kalejdoskoprecords.com\/index.php?rest_route=%2Fwp%2Fv2%2Fproduct_cat&post=6401"},{"taxonomy":"product_tag","embeddable":true,"href":"https:\/\/kalejdoskoprecords.com\/index.php?rest_route=%2Fwp%2Fv2%2Fproduct_tag&post=6401"}],"curies":[{"name":"wp","href":"https:\/\/api.w.org\/{rel}","templated":true}]}}