{"id":651,"date":"2017-02-17T14:17:58","date_gmt":"2017-02-17T13:17:58","guid":{"rendered":"http:\/\/serwer1749695.home.pl\/?post_type=product&#038;p=651"},"modified":"2026-04-28T15:59:01","modified_gmt":"2026-04-28T13:59:01","slug":"bitamina-kawalerka-cd","status":"publish","type":"product","link":"https:\/\/kalejdoskoprecords.com\/?product=bitamina-kawalerka-cd","title":{"rendered":"Bitamina &#8211; Kawalerka (CD)"},"content":{"rendered":"<p>Bitamina zaprasza na swoje 17m2.<\/p>\n<p>Tytu\u0142owa \u201eKawalerka\u201d to mieszkanie Mateusza, w kt\u00f3rym sp\u0119dza swoj\u0105 m\u0142odo\u015b\u0107. Zagl\u0105daj\u0105c w jej intymne zakamarki, do\u015bwiadczamy pierwszych mi\u0142o\u015bci i potkni\u0119\u0107.<br \/>\nJest szczerze do b\u00f3lu, wra\u017cliwo\u015b\u0107 wchodzi g\u0142\u0119boko przez sk\u00f3r\u0119.<br \/>\nPami\u0119tasz te chwile. Znasz te uczucia. Prze\u017cywasz to jeszcze raz.<br \/>\nD\u017awi\u0119ki, sample i bity prowadz\u0105 nas przez wn\u0119trza, jest eksperymentalnie, s\u0142ycha\u0107 jazz i hip-hop. Jest te\u017c delikatnie i blisko. Bujasz si\u0119 do tych melodii, chcesz ju\u017c zna\u0107 te s\u0142owa, kt\u00f3re sprawiaj\u0105 \u017ce masz \u015bci\u015bni\u0119te gard\u0142o. To utwory kt\u00f3rych b\u0119dziecie s\u0142ucha\u0107 ci\u0105gle i ci\u0105gle. Zapraszamy do Kawalerki:<\/p>\n<p>Koncertowo prezentuje si\u0119 to jeszcze lepiej i autentyczno\u015b\u0107, kt\u00f3r\u0105 s\u0142yszymy w muzyce i tekstach, zyskuje jeszcze bardziej. Trio wzbogacone jest o doskona\u0142ych muzyk\u00f3w. Przekszta\u0142cili oni j\u0119zyk sampli w \u017cywy pulsuj\u0105cy organizm, kt\u00f3rego serca bicie zabiera nas w podr\u00f3\u017c z kt\u00f3rej nie ma ju\u017c powrotu.<\/p>\n<p>Premiera koncertowa: 4.03.2017 Cafe Kulturalna<\/p>\n<p>P\u0142yta uka\u017ce si\u0119 na CD i winylu nak\u0142adem Kalejdoskop Records.<br \/>\nData premiery CD: 4.03.2017<\/p>\n<p>Tracklista:<br \/>\n01. przebudzenie<br \/>\n02. pobudka<br \/>\n03. sam na sam<br \/>\n04. Tata ma telefon<br \/>\n05. pornosy<br \/>\n06. elephnat<br \/>\n07. lustro i golenie twarzy<br \/>\n08. post<br \/>\n09. ciekawe miejsce<br \/>\n10. wszystko w HD<br \/>\n11. dom<br \/>\n12. kawalerka na sprzeda\u017c<br \/>\n13. znajoma nieznajoma<br \/>\n14. niezmiernie wysoko<br \/>\n15. bakacje<br \/>\n16. u wujka<br \/>\n17. nie wiem jak<br \/>\n18. pytanie do niej<br \/>\n19. po\u0142amana ko\u0142ysanka<br \/>\n20. kuba<\/p>\n","protected":false},"excerpt":{"rendered":"<p>Bitamina zaprasza na swoje 17m2.<\/p>\n<p>Tytu\u0142owa \u201eKawalerka\u201d to mieszkanie Mateusza, w kt\u00f3rym sp\u0119dza swoj\u0105 m\u0142odo\u015b\u0107. Zagl\u0105daj\u0105c w jej intymne zakamarki, do\u015bwiadczamy pierwszych mi\u0142o\u015bci i potkni\u0119\u0107.<br \/>\nJest szczerze do b\u00f3lu, wra\u017cliwo\u015b\u0107 wchodzi g\u0142\u0119boko przez sk\u00f3r\u0119.<br \/>\nPami\u0119tasz te chwile. Znasz te uczucia. Prze\u017cywasz to jeszcze raz.<br \/>\nD\u017awi\u0119ki, sample i bity prowadz\u0105 nas przez wn\u0119trza, jest eksperymentalnie, s\u0142ycha\u0107 jazz i hip-hop. Jest te\u017c delikatnie i blisko. Bujasz si\u0119 do tych melodii, chcesz ju\u017c zna\u0107 te s\u0142owa, kt\u00f3re sprawiaj\u0105 \u017ce masz \u015bci\u015bni\u0119te gard\u0142o. To utwory kt\u00f3rych b\u0119dziecie s\u0142ucha\u0107 ci\u0105gle i ci\u0105gle. Zapraszamy do Kawalerki:<\/p>\n<p>Koncertowo prezentuje si\u0119 to jeszcze lepiej i autentyczno\u015b\u0107, kt\u00f3r\u0105 s\u0142yszymy w muzyce i tekstach, zyskuje jeszcze bardziej. Trio wzbogacone jest o doskona\u0142ych muzyk\u00f3w. Przekszta\u0142cili oni j\u0119zyk sampli w \u017cywy pulsuj\u0105cy organizm, kt\u00f3rego serca bicie zabiera nas w podr\u00f3\u017c z kt\u00f3rej nie ma ju\u017c powrotu.<\/p>\n<p>Premiera koncertowa: 4.03.2017 Cafe Kulturalna<\/p>\n<p>P\u0142yta uka\u017ce si\u0119 na CD i winylu nak\u0142adem Kalejdoskop Records.<br \/>\nData premiery CD: 4.03.2017<\/p>\n<p>Tracklista:<br \/>\n01. przebudzenie<br \/>\n02. pobudka<br \/>\n03. sam na sam<br \/>\n04. Tata ma telefon<br \/>\n05. pornosy<br \/>\n06. elephnat<br \/>\n07. lustro i golenie twarzy<br \/>\n08. post<br \/>\n09. ciekawe miejsce<br \/>\n10. wszystko w HD<br \/>\n11. dom<br \/>\n12. kawalerka na sprzeda\u017c<br \/>\n13. znajoma nieznajoma<br \/>\n14. niezmiernie wysoko<br \/>\n15. bakacje<br \/>\n16. u wujka<br \/>\n17. nie wiem jak<br \/>\n18. pytanie do niej<br \/>\n19. po\u0142amana ko\u0142ysanka<br \/>\n20. kuba<\/p>\n","protected":false},"featured_media":655,"comment_status":"closed","ping_status":"closed","template":"","meta":[],"product_brand":[],"product_cat":[8],"product_tag":[31,32],"class_list":{"0":"post-651","1":"product","2":"type-product","3":"status-publish","4":"has-post-thumbnail","6":"product_cat-cd","7":"product_tag-bitamina","8":"product_tag-cd","9":"product_shipping_class-cd","11":"first","12":"instock","13":"taxable","14":"shipping-taxable","15":"purchasable","16":"product-type-simple"},"_links":{"self":[{"href":"https:\/\/kalejdoskoprecords.com\/index.php?rest_route=\/wp\/v2\/product\/651","targetHints":{"allow":["GET"]}}],"collection":[{"href":"https:\/\/kalejdoskoprecords.com\/index.php?rest_route=\/wp\/v2\/product"}],"about":[{"href":"https:\/\/kalejdoskoprecords.com\/index.php?rest_route=\/wp\/v2\/types\/product"}],"replies":[{"embeddable":true,"href":"https:\/\/kalejdoskoprecords.com\/index.php?rest_route=%2Fwp%2Fv2%2Fcomments&post=651"}],"wp:featuredmedia":[{"embeddable":true,"href":"https:\/\/kalejdoskoprecords.com\/index.php?rest_route=\/wp\/v2\/media\/655"}],"wp:attachment":[{"href":"https:\/\/kalejdoskoprecords.com\/index.php?rest_route=%2Fwp%2Fv2%2Fmedia&parent=651"}],"wp:term":[{"taxonomy":"product_brand","embeddable":true,"href":"https:\/\/kalejdoskoprecords.com\/index.php?rest_route=%2Fwp%2Fv2%2Fproduct_brand&post=651"},{"taxonomy":"product_cat","embeddable":true,"href":"https:\/\/kalejdoskoprecords.com\/index.php?rest_route=%2Fwp%2Fv2%2Fproduct_cat&post=651"},{"taxonomy":"product_tag","embeddable":true,"href":"https:\/\/kalejdoskoprecords.com\/index.php?rest_route=%2Fwp%2Fv2%2Fproduct_tag&post=651"}],"curies":[{"name":"wp","href":"https:\/\/api.w.org\/{rel}","templated":true}]}}