{"id":7422,"date":"2019-05-27T13:46:35","date_gmt":"2019-05-27T11:46:35","guid":{"rendered":"https:\/\/kalejdoskoprecords.com\/?post_type=product&#038;p=7422"},"modified":"2025-02-19T11:25:50","modified_gmt":"2025-02-19T10:25:50","slug":"bitamina-kwiaty-i-korzenie-cd","status":"publish","type":"product","link":"https:\/\/kalejdoskoprecords.com\/?product=bitamina-kwiaty-i-korzenie-cd","title":{"rendered":"Bitamina &#8220;Kwiaty i Korzenie&#8221; CD &#8211; PROMO"},"content":{"rendered":"<p><strong>Bitamina &#8211; Kwiaty i Korzenie<\/strong><\/p>\n<p>Data premiery: 28.06.2019<\/p>\n<p>Nowy album Bitamny to podr\u00f3\u017c do przesz\u0142o\u015bci ukrytej g\u0142\u0119boko w korzeniach, kt\u00f3re mimo tego, \u017ce s\u0105 niewidoczne, maj\u0105 du\u017cy wp\u0142yw na to co si\u0119 dzieje nad ziemi\u0105. Jedno wynika z drugiego i odwrotnie. Na p\u0142ycie mo\u017cna znale\u017a\u0107 wi\u0119cej pyta\u0144 ni\u017c odpowiedzi. To tak jakby Bitamina wzi\u0119\u0142a ca\u0142\u0105 swoj\u0105 dyskografi\u0119 i<br \/>\nwrzuci\u0142a do jednego wora, chc\u0105c zobaczy\u0107, co po zamieszaniu z niego wypadnie.<br \/>\nDo wsp\u00f3\u0142pracy zaproszony zosta\u0142 Moo Latte, kt\u00f3ry sklei\u0142 ca\u0142o\u015b\u0107 ogromn\u0105 dawk\u0105 swojej wra\u017cliwo\u015bci i talentu,\u00a0 dodaj\u0105c w\u0142asne kompozycje. Po raz pierwszy w historii zespo\u0142u pojawiaj\u0105 si\u0119 znamienici go\u015bcie &#8211; Grubson i Jarecki. Wi\u0119cej jest znanego z p\u0142yty \u201cListy Janusza\u201d i koncert\u00f3w &#8211; Piotra, kt\u00f3ry przemycaj\u0105c poetycko\u015b\u0107 scala w<br \/>\njedno\u015b\u0107 przekaz z muzyk\u0105.<\/p>\n<p>Tracklista:<br \/>\n01. Mama Europa<br \/>\n02. Prezydent<br \/>\n03. Len i Krawiec<br \/>\n04. I<br \/>\n05. Secy Za Wa\u0142em<br \/>\n06. Historia Bez Nazwy<br \/>\n07. Odnajdziemy Raj<br \/>\n08. Na P\u00f3\u0142<br \/>\n09. Na Uchu S\u0142onia<br \/>\n10. Poka Jak u Ciebie Ta\u0144cz\u0105<br \/>\n11. Czerwone Oko 2013<br \/>\n12. Iskieriusz<\/p>\n<p>Format: CD\/Digital<br \/>\nEAN: 5905279288119<br \/>\nNr. Katalogowy: KR014<\/p>\n","protected":false},"excerpt":{"rendered":"<p><strong>Bitamina &#8211; Kwiaty i Korzenie<\/strong><\/p>\n<p>Data premiery: 28.06.2019<\/p>\n<p>Nowy album Bitamny to podr\u00f3\u017c do przesz\u0142o\u015bci ukrytej g\u0142\u0119boko w korzeniach, kt\u00f3re mimo tego, \u017ce s\u0105 niewidoczne, maj\u0105 du\u017cy wp\u0142yw na to co si\u0119 dzieje nad ziemi\u0105. Jedno wynika z drugiego i odwrotnie. Na p\u0142ycie mo\u017cna znale\u017a\u0107 wi\u0119cej pyta\u0144 ni\u017c odpowiedzi. To tak jakby Bitamina wzi\u0119\u0142a ca\u0142\u0105 swoj\u0105 dyskografi\u0119 i<br \/>\nwrzuci\u0142a do jednego wora, chc\u0105c zobaczy\u0107, co po zamieszaniu z niego wypadnie.<\/p>\n<p>Do wsp\u00f3\u0142pracy zaproszony zosta\u0142 Moo Latte, kt\u00f3ry sklei\u0142 ca\u0142o\u015b\u0107 ogromn\u0105 dawk\u0105 swojej wra\u017cliwo\u015bci i talentu, dodaj\u0105c w\u0142asne kompozycje. Po raz pierwszy w historii zespo\u0142u pojawiaj\u0105 si\u0119 znamienici go\u015bcie &#8211; Grubson i Jarecki. Wi\u0119cej jest znanego z p\u0142yty \u201cListy Janusza\u201d i koncert\u00f3w &#8211; Piotra, kt\u00f3ry przemycaj\u0105c poetycko\u015b\u0107 scala w jedno\u015b\u0107 przekaz z muzyk\u0105.<\/p>\n<p>Format: CD\/Digital<br \/>\nEAN: 5905279288119<br \/>\nNr. Katalogowy: KR014<\/p>\n","protected":false},"featured_media":7423,"comment_status":"closed","ping_status":"closed","template":"","meta":[],"product_brand":[],"product_cat":[8],"product_tag":[31,32],"class_list":{"0":"post-7422","1":"product","2":"type-product","3":"status-publish","4":"has-post-thumbnail","6":"product_cat-cd","7":"product_tag-bitamina","8":"product_tag-cd","9":"product_shipping_class-cdbox","11":"first","12":"instock","13":"sale","14":"featured","15":"taxable","16":"shipping-taxable","17":"purchasable","18":"product-type-simple"},"_links":{"self":[{"href":"https:\/\/kalejdoskoprecords.com\/index.php?rest_route=\/wp\/v2\/product\/7422","targetHints":{"allow":["GET"]}}],"collection":[{"href":"https:\/\/kalejdoskoprecords.com\/index.php?rest_route=\/wp\/v2\/product"}],"about":[{"href":"https:\/\/kalejdoskoprecords.com\/index.php?rest_route=\/wp\/v2\/types\/product"}],"replies":[{"embeddable":true,"href":"https:\/\/kalejdoskoprecords.com\/index.php?rest_route=%2Fwp%2Fv2%2Fcomments&post=7422"}],"wp:featuredmedia":[{"embeddable":true,"href":"https:\/\/kalejdoskoprecords.com\/index.php?rest_route=\/wp\/v2\/media\/7423"}],"wp:attachment":[{"href":"https:\/\/kalejdoskoprecords.com\/index.php?rest_route=%2Fwp%2Fv2%2Fmedia&parent=7422"}],"wp:term":[{"taxonomy":"product_brand","embeddable":true,"href":"https:\/\/kalejdoskoprecords.com\/index.php?rest_route=%2Fwp%2Fv2%2Fproduct_brand&post=7422"},{"taxonomy":"product_cat","embeddable":true,"href":"https:\/\/kalejdoskoprecords.com\/index.php?rest_route=%2Fwp%2Fv2%2Fproduct_cat&post=7422"},{"taxonomy":"product_tag","embeddable":true,"href":"https:\/\/kalejdoskoprecords.com\/index.php?rest_route=%2Fwp%2Fv2%2Fproduct_tag&post=7422"}],"curies":[{"name":"wp","href":"https:\/\/api.w.org\/{rel}","templated":true}]}}